{"id":1258,"date":"2021-10-19T10:50:46","date_gmt":"2021-10-19T10:50:46","guid":{"rendered":"https:\/\/quiety-wp.themetags.com\/?page_id=1258"},"modified":"2023-02-17T11:15:24","modified_gmt":"2023-02-17T11:15:24","slug":"how-it-works","status":"publish","type":"page","link":"https:\/\/smartbusiness.digital\/ro\/how-it-works\/","title":{"rendered":"Cum func\u021bioneaz\u0103?"},"content":{"rendered":"<div data-elementor-type=\"wp-page\" data-elementor-id=\"1258\" class=\"elementor elementor-1258\">\n\t\t\t\t\t\t<section class=\"elementor-section elementor-top-section elementor-element elementor-element-da0ef63 elementor-section-boxed elementor-section-height-default elementor-section-height-default\" data-id=\"da0ef63\" data-element_type=\"section\" data-e-type=\"section\">\n\t\t\t\t\t\t<div class=\"elementor-container elementor-column-gap-default\">\n\t\t\t\t\t<div class=\"elementor-column elementor-col-100 elementor-top-column elementor-element elementor-element-cf1c421\" data-id=\"cf1c421\" data-element_type=\"column\" data-e-type=\"column\">\n\t\t\t<div class=\"elementor-widget-wrap elementor-element-populated\">\n\t\t\t\t\t\t<div class=\"elementor-element elementor-element-5a0ba7e elementor-widget elementor-widget-image\" data-id=\"5a0ba7e\" data-element_type=\"widget\" data-e-type=\"widget\" id=\"logo-ue\" data-widget_type=\"image.default\">\n\t\t\t\t<div class=\"elementor-widget-container\">\n\t\t\t\t\t\t\t\t\t\t\t\t\t\t\t<img fetchpriority=\"high\" decoding=\"async\" width=\"768\" height=\"95\" src=\"https:\/\/smartbusiness.digital\/wp-content\/uploads\/2022\/08\/Banner-www.smartbusiness.digital.svg\" class=\"attachment-medium_large size-medium_large wp-image-6257\" alt=\"\" \/>\t\t\t\t\t\t\t\t\t\t\t\t\t\t\t<\/div>\n\t\t\t\t<\/div>\n\t\t\t\t<div class=\"elementor-element elementor-element-8e41264 tt-view-stacked tt-shape-rounded tt-heading-fill-color elementor-widget elementor-widget-tt-heading\" data-id=\"8e41264\" data-element_type=\"widget\" data-e-type=\"widget\" id=\"logo-ue\" data-widget_type=\"tt-heading.default\">\n\t\t\t\t<div class=\"elementor-widget-container\">\n\t\t\t\t\t\r\n\t\t<div class=\"section-heading style-one\">\r\n\r\n\t\t\t\t\t\t<!-- \/.icon-container -->\r\n\r\n\t\t\t\r\n\t\t\t\r\n\t\t\t\t\t\t\t<div class=\"description\"><p><strong>SmartBUSINESS - PLATFORM\u0102 INOVATIV\u0102 pentru automatizarea proceselor de business bazate pe informa\u021bii comportamentale<\/strong><strong>\u00a0(cod proiect 129017)<\/strong><br \/>Proiect cofinan\u021bat din Fondul European de Dezvoltare Regional\u0103 prin Programul Opera\u021bional Competitivitate 2014-2020.<\/p><\/div>\r\n\t\t\t\t\t<\/div>\r\n\r\n\t\t\t\t\t\t<\/div>\n\t\t\t\t<\/div>\n\t\t\t\t\t<\/div>\n\t\t<\/div>\n\t\t\t\t\t<\/div>\n\t\t<\/section>\n\t\t\t\t<section class=\"elementor-section elementor-top-section elementor-element elementor-element-0af97b5 elementor-section-boxed elementor-section-height-default elementor-section-height-default\" data-id=\"0af97b5\" data-element_type=\"section\" data-e-type=\"section\">\n\t\t\t\t\t\t<div class=\"elementor-container elementor-column-gap-default\">\n\t\t\t\t\t<div class=\"elementor-column elementor-col-100 elementor-top-column elementor-element elementor-element-c2c44ed\" data-id=\"c2c44ed\" data-element_type=\"column\" data-e-type=\"column\">\n\t\t\t<div class=\"elementor-widget-wrap elementor-element-populated\">\n\t\t\t\t\t\t<div class=\"elementor-element elementor-element-7503ae0 tt-view-stacked tt-shape-rounded tt-heading-fill-color elementor-widget elementor-widget-tt-heading\" data-id=\"7503ae0\" data-element_type=\"widget\" data-e-type=\"widget\" data-widget_type=\"tt-heading.default\">\n\t\t\t\t<div class=\"elementor-widget-container\">\n\t\t\t\t\t\r\n\t\t<div class=\"section-heading style-one\">\r\n\r\n\t\t\t\t\t\t<!-- \/.icon-container -->\r\n\r\n\t\t\t\r\n\t\t\t<h2 class=\"section-title\">Ce ai de f\u0103cut?<\/h2>\r\n\t\t\t\t\t<\/div>\r\n\r\n\t\t\t\t\t\t<\/div>\n\t\t\t\t<\/div>\n\t\t\t\t\t<\/div>\n\t\t<\/div>\n\t\t\t\t\t<\/div>\n\t\t<\/section>\n\t\t\t\t<section class=\"elementor-section elementor-top-section elementor-element elementor-element-51f7f8e elementor-section-boxed elementor-section-height-default elementor-section-height-default\" data-id=\"51f7f8e\" data-element_type=\"section\" data-e-type=\"section\">\n\t\t\t\t\t\t<div class=\"elementor-container elementor-column-gap-default\">\n\t\t\t\t\t<div class=\"elementor-column elementor-col-50 elementor-top-column elementor-element elementor-element-a332e20\" data-id=\"a332e20\" data-element_type=\"column\" data-e-type=\"column\">\n\t\t\t<div class=\"elementor-widget-wrap elementor-element-populated\">\n\t\t\t\t\t\t<div class=\"elementor-element elementor-element-29d2f89 elementor-widget elementor-widget-image\" data-id=\"29d2f89\" data-element_type=\"widget\" data-e-type=\"widget\" data-widget_type=\"image.default\">\n\t\t\t\t<div class=\"elementor-widget-container\">\n\t\t\t\t\t\t\t\t\t\t\t\t\t\t\t<img decoding=\"async\" width=\"600\" height=\"706\" src=\"https:\/\/smartbusiness.digital\/wp-content\/uploads\/2022\/02\/Asset-18600.png\" class=\"attachment-large size-large wp-image-5005\" alt=\"\" srcset=\"https:\/\/smartbusiness.digital\/wp-content\/uploads\/2022\/02\/Asset-18600.png 600w, https:\/\/smartbusiness.digital\/wp-content\/uploads\/2022\/02\/Asset-18600-255x300.png 255w, https:\/\/smartbusiness.digital\/wp-content\/uploads\/2022\/02\/Asset-18600-540x635.png 540w, https:\/\/smartbusiness.digital\/wp-content\/uploads\/2022\/02\/Asset-18600-127x150.png 127w\" sizes=\"(max-width: 600px) 100vw, 600px\" \/>\t\t\t\t\t\t\t\t\t\t\t\t\t\t\t<\/div>\n\t\t\t\t<\/div>\n\t\t\t\t\t<\/div>\n\t\t<\/div>\n\t\t\t\t<div class=\"elementor-column elementor-col-50 elementor-top-column elementor-element elementor-element-5817675\" data-id=\"5817675\" data-element_type=\"column\" data-e-type=\"column\">\n\t\t\t<div class=\"elementor-widget-wrap elementor-element-populated\">\n\t\t\t\t\t\t<div class=\"elementor-element elementor-element-653076d elementor-widget elementor-widget-spacer\" data-id=\"653076d\" data-element_type=\"widget\" data-e-type=\"widget\" data-widget_type=\"spacer.default\">\n\t\t\t\t<div class=\"elementor-widget-container\">\n\t\t\t\t\t\t\t<div class=\"elementor-spacer\">\n\t\t\t<div class=\"elementor-spacer-inner\"><\/div>\n\t\t<\/div>\n\t\t\t\t\t\t<\/div>\n\t\t\t\t<\/div>\n\t\t\t\t<div class=\"elementor-element elementor-element-077fc17 elementor-widget elementor-widget-tt-process-box\" data-id=\"077fc17\" data-element_type=\"widget\" data-e-type=\"widget\" data-widget_type=\"tt-process-box.default\">\n\t\t\t\t<div class=\"elementor-widget-container\">\n\t\t\t\t\t\t\t<div class=\"process-box-wrapper\">\n\t\t\t\r\n\t<div class=\"tt-process-box style-one elementor-repeater-item-3b80277\">\r\n\t\t<div class=\"icon-container\">\r\n\t\t\t\t\t\t\t\t\t\t\t\t\t\t\t\t\t\t<i aria-hidden=\"true\" class=\"fas fa-bezier-curve\"><\/i>\t\t\t\t\t\t\t\t\t\t\t\t\t\t\t<!-- \/.icon-container -->\r\n\t\t<\/div>\r\n\t\t<!-- \/.icon-container -->\r\n\r\n\t\t<div class=\"box-content\">\r\n\t\t\t\r\n\t\t\t\t\t\t\t<h4 class=\"tt-process_step\">\r\n\t\t\t\t\tPasul 1\t\t\t\t<\/h4>\r\n\t\t\t\r\n\t\t\t\t\t\t\t<h3 class=\"box-title\">\r\n\t\t\t\t\t\t\t\t\t\t\tImportarea produselor\t\t\t\t\t\t\t\t\t<\/h3>\r\n\t\t\t\r\n\t\t\t\t\t\t\t<p class=\"description\">\r\n\t\t\t\t\tFolosind un Feed personalizat trebuie s\u0103 ad\u0103uga\u021bi produsele pe platforma SmartBusiness. Pentru a utiliza feed-ul personalizat, trebuie s\u0103 crea\u021bi un fi\u0219ier .csv al produselor dvs., s\u0103 \u00eel \u00eenc\u0103rca\u021bi \u00een magazinul dvs. online \u0219i s\u0103 seta\u021bi link-ul \u00een platform\u0103.\t\t\t\t<\/p>\r\n\t\t\t\r\n\t\t<\/div>\r\n\t<\/div>\r\n\t<!-- \/.tt-icon-box -->\r\n\r\n\r\n\t<div class=\"tt-process-box style-one elementor-repeater-item-7ab2cf9\">\r\n\t\t<div class=\"icon-container\">\r\n\t\t\t\t\t\t\t\t\t\t\t\t\t\t\t\t\t\t<i aria-hidden=\"true\" class=\"fas fa-users-cog\"><\/i>\t\t\t\t\t\t\t\t\t\t\t\t\t\t\t<!-- \/.icon-container -->\r\n\t\t<\/div>\r\n\t\t<!-- \/.icon-container -->\r\n\r\n\t\t<div class=\"box-content\">\r\n\t\t\t\r\n\t\t\t\t\t\t\t<h4 class=\"tt-process_step\">\r\n\t\t\t\t\tPasul 2\t\t\t\t<\/h4>\r\n\t\t\t\r\n\t\t\t\t\t\t\t<h3 class=\"box-title\">\r\n\t\t\t\t\t\t\t\t\t\t\tSeta\u021bi fereastra pop-up pentru a se potrivi cu preferin\u021bele dvs. din meniul Set\u0103ri\t\t\t\t\t\t\t\t\t<\/h3>\r\n\t\t\t\r\n\t\t\t\t\t\t\t<p class=\"description\">\r\n\t\t\t\t\t\u00cen sec\u021biunea Set\u0103ri, v\u0103 pute\u021bi personaliza fereastra pop-up. Pute\u021bi schimba culoarea ferestrei pop-up, pute\u021bi modifica aspectul, pozi\u021bia, con\u021binutul pop-up-ului, intervalul de timp de afi\u0219are pop-up \u0219i frecven\u021ba de afi\u0219are a ferestrelor pop-up pe zi.\t\t\t\t<\/p>\r\n\t\t\t\r\n\t\t<\/div>\r\n\t<\/div>\r\n\t<!-- \/.tt-icon-box -->\r\n\r\n\r\n\t<div class=\"tt-process-box style-one elementor-repeater-item-6253ae0\">\r\n\t\t<div class=\"icon-container\">\r\n\t\t\t\t\t\t\t\t\t\t\t\t\t\t\t\t\t\t<i aria-hidden=\"true\" class=\"fas fa-folder-plus\"><\/i>\t\t\t\t\t\t\t\t\t\t\t\t\t\t\t<!-- \/.icon-container -->\r\n\t\t<\/div>\r\n\t\t<!-- \/.icon-container -->\r\n\r\n\t\t<div class=\"box-content\">\r\n\t\t\t\r\n\t\t\t\t\t\t\t<h4 class=\"tt-process_step\">\r\n\t\t\t\t\tPasul 3\t\t\t\t<\/h4>\r\n\t\t\t\r\n\t\t\t\t\t\t\t<h3 class=\"box-title\">\r\n\t\t\t\t\t\t\t\t\t\t\tIntroduce\u021bi domeniul web de pe care se va face colectarea datelor\t\t\t\t\t\t\t\t\t<\/h3>\r\n\t\t\t\r\n\t\t\t\t\t\t\t<p class=\"description\">\r\n\t\t\t\t\t\u00cen meniul set\u0103ri ave\u021bi un c\u00e2mp dedicat pentru introducerea domeniului dvs. web.\t\t\t\t<\/p>\r\n\t\t\t\r\n\t\t<\/div>\r\n\t<\/div>\r\n\t<!-- \/.tt-icon-box -->\r\n\r\n\r\n\t<div class=\"tt-process-box style-one elementor-repeater-item-8c410da\">\r\n\t\t<div class=\"icon-container\">\r\n\t\t\t\t\t\t\t\t\t\t\t\t\t\t\t\t\t\t<i aria-hidden=\"true\" class=\"fas fa-layer-group\"><\/i>\t\t\t\t\t\t\t\t\t\t\t\t\t\t\t<!-- \/.icon-container -->\r\n\t\t<\/div>\r\n\t\t<!-- \/.icon-container -->\r\n\r\n\t\t<div class=\"box-content\">\r\n\t\t\t\r\n\t\t\t\t\t\t\t<h4 class=\"tt-process_step\">\r\n\t\t\t\t\tPasul 4\t\t\t\t<\/h4>\r\n\t\t\t\r\n\t\t\t\t\t\t\t<h3 class=\"box-title\">\r\n\t\t\t\t\t\t\t\t\t\t\tIntroduce\u021bi un fragment de cod \u00een antetul site-ului dvs.\t\t\t\t\t\t\t\t\t<\/h3>\r\n\t\t\t\r\n\t\t\t\t\t\t\t<p class=\"description\">\r\n\t\t\t\t\tDup\u0103 ac\u021biunile de mai sus, copia\u021bi codul nostru \u00een antetul site-ului dvs. Am preg\u0103tit pentru voi mai multe tutoriale \u00een care explic\u0103m cum s\u0103 face\u021bi asta, indiferent dac\u0103 folosi\u021bi WordPress, Google Tag Manager sau Magento.\t\t\t\t<\/p>\r\n\t\t\t\r\n\t\t<\/div>\r\n\t<\/div>\r\n\t<!-- \/.tt-icon-box -->\r\n\r\n\r\n\t<div class=\"tt-process-box style-one elementor-repeater-item-af3bb6c\">\r\n\t\t<div class=\"icon-container\">\r\n\t\t\t\t\t\t\t\t\t\t\t\t\t\t\t\t\t\t<i aria-hidden=\"true\" class=\"fas fa-store\"><\/i>\t\t\t\t\t\t\t\t\t\t\t\t\t\t\t<!-- \/.icon-container -->\r\n\t\t<\/div>\r\n\t\t<!-- \/.icon-container -->\r\n\r\n\t\t<div class=\"box-content\">\r\n\t\t\t\r\n\t\t\t\t\t\t\t<h4 class=\"tt-process_step\">\r\n\t\t\t\t\tPasul 5\t\t\t\t<\/h4>\r\n\t\t\t\r\n\t\t\t\t\t\t\t<h3 class=\"box-title\">\r\n\t\t\t\t\t\t\t\t\t\t\tMotor automat de comunicare \u0219i recomandare\t\t\t\t\t\t\t\t\t<\/h3>\r\n\t\t\t\r\n\t\t\t\t\t\t\t<p class=\"description\">\r\n\t\t\t\t\tAcum, motorul dvs. de comunicare \u0219i recomandare func\u021bioneaz\u0103 \u0219i v\u0103 recomand\u0103 produsele clientului care v\u0103 acceseaz\u0103 platforma de comer\u021b electronic. \t\t\t\t<\/p>\r\n\t\t\t\r\n\t\t<\/div>\r\n\t<\/div>\r\n\t<!-- \/.tt-icon-box -->\r\n\r\n\r\n\t<div class=\"tt-process-box style-one elementor-repeater-item-2ef942c\">\r\n\t\t<div class=\"icon-container\">\r\n\t\t\t\t\t\t\t\t\t\t\t\t\t\t\t\t\t\t<i aria-hidden=\"true\" class=\"fas fa-file-alt\"><\/i>\t\t\t\t\t\t\t\t\t\t\t\t\t\t\t<!-- \/.icon-container -->\r\n\t\t<\/div>\r\n\t\t<!-- \/.icon-container -->\r\n\r\n\t\t<div class=\"box-content\">\r\n\t\t\t\r\n\t\t\t\t\t\t\t<h4 class=\"tt-process_step\">\r\n\t\t\t\t\tPasul 6\t\t\t\t<\/h4>\r\n\t\t\t\r\n\t\t\t\t\t\t\t<h3 class=\"box-title\">\r\n\t\t\t\t\t\t\t\t\t\t\tAnaliza\u021bi rapoarte\t\t\t\t\t\t\t\t\t<\/h3>\r\n\t\t\t\r\n\t\t\t\t\t\t\t<p class=\"description\">\r\n\t\t\t\t\tAjusta\u021bi inventarul de afaceri pe baza previziunilor AI \u0219i acum pute\u021bi verifica \u00een sec\u021biunea Rapoarte, detalii despre site-ul dvs., cum ar fi c\u00e2\u021bi utilizatori noi ave\u021bi, ac\u021biuni per vizit\u0103, durata medie a vizitei, ferestre pop-up livrate etc.\t\t\t\t<\/p>\r\n\t\t\t\r\n\t\t<\/div>\r\n\t<\/div>\r\n\t<!-- \/.tt-icon-box -->\r\n\r\n\t\t<\/div>\n\t\t<!-- \/.prosess-box-wrapper -->\n\n\t\t\t\t\t\t<\/div>\n\t\t\t\t<\/div>\n\t\t\t\t\t<\/div>\n\t\t<\/div>\n\t\t\t\t\t<\/div>\n\t\t<\/section>\n\t\t\t\t<section class=\"elementor-section elementor-top-section elementor-element elementor-element-ed6cc83 elementor-section-boxed elementor-section-height-default elementor-section-height-default\" data-id=\"ed6cc83\" data-element_type=\"section\" data-e-type=\"section\">\n\t\t\t\t\t\t<div class=\"elementor-container elementor-column-gap-default\">\n\t\t\t\t\t<div class=\"elementor-column elementor-col-100 elementor-top-column elementor-element elementor-element-3606a0e\" data-id=\"3606a0e\" data-element_type=\"column\" data-e-type=\"column\">\n\t\t\t<div class=\"elementor-widget-wrap elementor-element-populated\">\n\t\t\t\t\t\t<div class=\"elementor-element elementor-element-506a5c7 elementor-widget elementor-widget-spacer\" data-id=\"506a5c7\" data-element_type=\"widget\" data-e-type=\"widget\" data-widget_type=\"spacer.default\">\n\t\t\t\t<div class=\"elementor-widget-container\">\n\t\t\t\t\t\t\t<div class=\"elementor-spacer\">\n\t\t\t<div class=\"elementor-spacer-inner\"><\/div>\n\t\t<\/div>\n\t\t\t\t\t\t<\/div>\n\t\t\t\t<\/div>\n\t\t\t\t\t<\/div>\n\t\t<\/div>\n\t\t\t\t\t<\/div>\n\t\t<\/section>\n\t\t\t\t<section class=\"elementor-section elementor-top-section elementor-element elementor-element-78e294a elementor-section-boxed elementor-section-height-default elementor-section-height-default\" data-id=\"78e294a\" data-element_type=\"section\" data-e-type=\"section\">\n\t\t\t\t\t\t<div class=\"elementor-container elementor-column-gap-default\">\n\t\t\t\t\t<div class=\"elementor-column elementor-col-100 elementor-top-column elementor-element elementor-element-970dccc\" data-id=\"970dccc\" data-element_type=\"column\" data-e-type=\"column\">\n\t\t\t<div class=\"elementor-widget-wrap elementor-element-populated\">\n\t\t\t\t\t\t<div class=\"elementor-element elementor-element-e32de70 elementor-widget elementor-widget-text-editor\" data-id=\"e32de70\" data-element_type=\"widget\" data-e-type=\"widget\" data-widget_type=\"text-editor.default\">\n\t\t\t\t<div class=\"elementor-widget-container\">\n\t\t\t\t\t\t\t\t\t<p>Con\u0163inutul acestui material nu reprezint\u0103 \u00een mod obligatoriu pozi\u0163ia oficial\u0103 a Uniunii Europene sau a Guvernului Rom\u00e2niei. Pentru informa\u021bii detaliate despre celelate programe cofinan\u021bate de Uniunea European\u0103, v\u0103 invit\u0103m s\u0103 vizita\u021bi<a href=\"https:\/\/www.fonduri-ue.ro\/\"> www.fonduri-ue.ro<\/a><\/p>\t\t\t\t\t\t\t\t<\/div>\n\t\t\t\t<\/div>\n\t\t\t\t\t<\/div>\n\t\t<\/div>\n\t\t\t\t\t<\/div>\n\t\t<\/section>\n\t\t\t\t<\/div>","protected":false},"excerpt":{"rendered":"<p>SmartBUSINESS &#8211; INNOVATIVE PLATFORM for automating business processes based on behavioral information\u00a0(project code 129017)Project co-financed by the European Regional Development Fund through the Operational Program Competitiveness 2014-2020. What do you have to do? Step 1 Importing products Using a Custom Feed, you need to add your products to the SmartBusiness platform. To use the custom [&hellip;]<\/p>\n","protected":false},"author":1,"featured_media":0,"parent":0,"menu_order":0,"comment_status":"closed","ping_status":"closed","template":"elementor_header_footer","meta":{"content-type":"","footnotes":""},"class_list":["post-1258","page","type-page","status-publish","hentry"],"aioseo_notices":[],"_links":{"self":[{"href":"https:\/\/smartbusiness.digital\/ro\/wp-json\/wp\/v2\/pages\/1258","targetHints":{"allow":["GET"]}}],"collection":[{"href":"https:\/\/smartbusiness.digital\/ro\/wp-json\/wp\/v2\/pages"}],"about":[{"href":"https:\/\/smartbusiness.digital\/ro\/wp-json\/wp\/v2\/types\/page"}],"author":[{"embeddable":true,"href":"https:\/\/smartbusiness.digital\/ro\/wp-json\/wp\/v2\/users\/1"}],"replies":[{"embeddable":true,"href":"https:\/\/smartbusiness.digital\/ro\/wp-json\/wp\/v2\/comments?post=1258"}],"version-history":[{"count":71,"href":"https:\/\/smartbusiness.digital\/ro\/wp-json\/wp\/v2\/pages\/1258\/revisions"}],"predecessor-version":[{"id":7027,"href":"https:\/\/smartbusiness.digital\/ro\/wp-json\/wp\/v2\/pages\/1258\/revisions\/7027"}],"wp:attachment":[{"href":"https:\/\/smartbusiness.digital\/ro\/wp-json\/wp\/v2\/media?parent=1258"}],"curies":[{"name":"wp","href":"https:\/\/api.w.org\/{rel}","templated":true}]}}