{"id":272,"date":"2021-10-10T12:19:41","date_gmt":"2021-10-10T12:19:41","guid":{"rendered":"https:\/\/quiety-wp.themetags.com\/?page_id=272"},"modified":"2025-08-25T05:55:40","modified_gmt":"2025-08-25T05:55:40","slug":"pricing","status":"publish","type":"page","link":"https:\/\/smartbusiness.digital\/ro\/pricing\/","title":{"rendered":"Pre\u021buri"},"content":{"rendered":"<div data-elementor-type=\"wp-page\" data-elementor-id=\"272\" class=\"elementor elementor-272\">\n\t\t\t\t\t\t<section class=\"elementor-section elementor-top-section elementor-element elementor-element-e8ae663 elementor-section-boxed elementor-section-height-default elementor-section-height-default\" data-id=\"e8ae663\" data-element_type=\"section\" data-e-type=\"section\">\n\t\t\t\t\t\t<div class=\"elementor-container elementor-column-gap-default\">\n\t\t\t\t\t<div class=\"elementor-column elementor-col-100 elementor-top-column elementor-element elementor-element-ad344cf\" data-id=\"ad344cf\" data-element_type=\"column\" data-e-type=\"column\">\n\t\t\t<div class=\"elementor-widget-wrap elementor-element-populated\">\n\t\t\t\t\t\t<div class=\"elementor-element elementor-element-b2e6c97 elementor-widget elementor-widget-image\" data-id=\"b2e6c97\" data-element_type=\"widget\" data-e-type=\"widget\" id=\"logo-ue\" data-widget_type=\"image.default\">\n\t\t\t\t<div class=\"elementor-widget-container\">\n\t\t\t\t\t\t\t\t\t\t\t\t\t\t\t<img fetchpriority=\"high\" decoding=\"async\" width=\"768\" height=\"95\" src=\"https:\/\/smartbusiness.digital\/wp-content\/uploads\/2022\/08\/Banner-www.smartbusiness.digital.svg\" class=\"attachment-medium_large size-medium_large wp-image-6257\" alt=\"\" \/>\t\t\t\t\t\t\t\t\t\t\t\t\t\t\t<\/div>\n\t\t\t\t<\/div>\n\t\t\t\t<div class=\"elementor-element elementor-element-a18f6f9 tt-view-stacked tt-shape-rounded tt-heading-fill-color elementor-widget elementor-widget-tt-heading\" data-id=\"a18f6f9\" data-element_type=\"widget\" data-e-type=\"widget\" id=\"logo-ue\" data-widget_type=\"tt-heading.default\">\n\t\t\t\t<div class=\"elementor-widget-container\">\n\t\t\t\t\t\r\n\t\t<div class=\"section-heading style-one\">\r\n\r\n\t\t\t\t\t\t<!-- \/.icon-container -->\r\n\r\n\t\t\t\r\n\t\t\t\r\n\t\t\t\t\t\t\t<div class=\"description\"><p><strong>SmartBUSINESS - PLATFORM\u0102 INOVATIV\u0102 pentru automatizarea proceselor de business bazate pe informa\u021bii comportamentale<\/strong><strong>\u00a0(cod proiect 129017)<\/strong><br \/>Proiect cofinan\u021bat din Fondul European de Dezvoltare Regional\u0103 prin Programul Opera\u021bional Competitivitate 2014-2020.<\/p><\/div>\r\n\t\t\t\t\t<\/div>\r\n\r\n\t\t\t\t\t\t<\/div>\n\t\t\t\t<\/div>\n\t\t\t\t\t<\/div>\n\t\t<\/div>\n\t\t\t\t\t<\/div>\n\t\t<\/section>\n\t\t\t\t<section class=\"elementor-section elementor-top-section elementor-element elementor-element-48e748a2 elementor-section-boxed elementor-section-height-default elementor-section-height-default\" data-id=\"48e748a2\" data-element_type=\"section\" data-e-type=\"section\">\n\t\t\t\t\t\t<div class=\"elementor-container elementor-column-gap-default\">\n\t\t\t\t\t<div class=\"elementor-column elementor-col-100 elementor-top-column elementor-element elementor-element-448e75e6\" data-id=\"448e75e6\" data-element_type=\"column\" data-e-type=\"column\">\n\t\t\t<div class=\"elementor-widget-wrap elementor-element-populated\">\n\t\t\t\t\t\t<div class=\"elementor-element elementor-element-16c0af3 tt-view-stacked tt-shape-rounded tt-heading-fill-color elementor-widget elementor-widget-tt-heading\" data-id=\"16c0af3\" data-element_type=\"widget\" data-e-type=\"widget\" data-widget_type=\"tt-heading.default\">\n\t\t\t\t<div class=\"elementor-widget-container\">\n\t\t\t\t\t\r\n\t\t<div class=\"section-heading style-one\">\r\n\r\n\t\t\t\t\t\t<!-- \/.icon-container -->\r\n\r\n\t\t\t\r\n\t\t\t<h2 class=\"section-title\">Verifica\u021bi pachetele noastre<\/h2>\r\n\t\t\t\t\t\t\t<div class=\"description\"><p>Everything you need to increase conversions and better brand-to-client automated conversation\u00a0and unify customers' profiles and experiences online.<\/p><p><span style=\"font-weight: 400;\"> Choose the perfect package tailored to your e-commerce business's unique needs and start transforming your online store with our AI-powered personalization solutions.<\/span><\/p><\/div>\r\n\t\t\t\t\t<\/div>\r\n\r\n\t\t\t\t\t\t<\/div>\n\t\t\t\t<\/div>\n\t\t\t\t<section class=\"elementor-section elementor-inner-section elementor-element elementor-element-1e15b85f elementor-section-boxed elementor-section-height-default elementor-section-height-default\" data-id=\"1e15b85f\" data-element_type=\"section\" data-e-type=\"section\">\n\t\t\t\t\t\t<div class=\"elementor-container elementor-column-gap-default\">\n\t\t\t\t\t<div class=\"elementor-column elementor-col-20 elementor-inner-column elementor-element elementor-element-61d95338\" data-id=\"61d95338\" data-element_type=\"column\" data-e-type=\"column\">\n\t\t\t<div class=\"elementor-widget-wrap\">\n\t\t\t\t\t\t\t<\/div>\n\t\t<\/div>\n\t\t\t\t<div class=\"elementor-column elementor-col-20 elementor-inner-column elementor-element elementor-element-d05775\" data-id=\"d05775\" data-element_type=\"column\" data-e-type=\"column\">\n\t\t\t<div class=\"elementor-widget-wrap\">\n\t\t\t\t\t\t\t<\/div>\n\t\t<\/div>\n\t\t\t\t<div class=\"elementor-column elementor-col-20 elementor-inner-column elementor-element elementor-element-656252a9\" data-id=\"656252a9\" data-element_type=\"column\" data-e-type=\"column\">\n\t\t\t<div class=\"elementor-widget-wrap\">\n\t\t\t\t\t\t\t<\/div>\n\t\t<\/div>\n\t\t\t\t<div class=\"elementor-column elementor-col-20 elementor-inner-column elementor-element elementor-element-187004e7\" data-id=\"187004e7\" data-element_type=\"column\" data-e-type=\"column\">\n\t\t\t<div class=\"elementor-widget-wrap\">\n\t\t\t\t\t\t\t<\/div>\n\t\t<\/div>\n\t\t\t\t<div class=\"elementor-column elementor-col-20 elementor-inner-column elementor-element elementor-element-32a009de\" data-id=\"32a009de\" data-element_type=\"column\" data-e-type=\"column\">\n\t\t\t<div class=\"elementor-widget-wrap\">\n\t\t\t\t\t\t\t<\/div>\n\t\t<\/div>\n\t\t\t\t\t<\/div>\n\t\t<\/section>\n\t\t\t\t<section class=\"elementor-section elementor-inner-section elementor-element elementor-element-00e41cb elementor-section-boxed elementor-section-height-default elementor-section-height-default\" data-id=\"00e41cb\" data-element_type=\"section\" data-e-type=\"section\">\n\t\t\t\t\t\t<div class=\"elementor-container elementor-column-gap-default\">\n\t\t\t\t\t<div class=\"elementor-column elementor-col-100 elementor-inner-column elementor-element elementor-element-b3e4234\" data-id=\"b3e4234\" data-element_type=\"column\" data-e-type=\"column\">\n\t\t\t<div class=\"elementor-widget-wrap elementor-element-populated\">\n\t\t\t\t\t\t<div class=\"elementor-element elementor-element-1df32b5 elementor-widget elementor-widget-tt-pricing-table-single\" data-id=\"1df32b5\" data-element_type=\"widget\" data-e-type=\"widget\" data-widget_type=\"tt-pricing-table-single.default\">\n\t\t\t\t<div class=\"elementor-widget-container\">\n\t\t\t\t\t\n\t\t<div class=\"tt-pricing style-two\" >\n\t\t\t<div class=\"tt-pricing__header\">\n\t\t\t\t\t\t\t\t\t<h2 class=\"tt-pricing__title\">PROMO<\/h2>\n\t\t\t\t\n\t\t\t\t\t\t\t\t\t<h3 class=\"tt-pricing__price\">\n\t\t\t\t\t\t\t\t\t\t\t\t\t<span class=\"tt-pricing__price-wrap\"><span class=\"currency\">Just $<\/span><span>1<\/span><\/span><span class=\"tt-pricing__period\">\/for full 3-month platform access package<\/span>\n\t\t\t\t\t\t\t\t\t\t\t<\/h3>\n\t\t\t\t\t\t\t<\/div>\n\n\t\t\t<div class=\"tt-pricing__feature-lists\">\n\t\t\t\t<ul class=\"tt-pricing__feature-list\">\n\n\n\t\t\t\t\t\n\t\t\t\t\t\t\n\t\t\t\t\t\t<li class=\"\">\n\t\t\t\t\t\t\t\t\t\t\t\t\t\t\t<span class=\"bullet\"><\/span>\n\t\t\t\t\t\t\t\t\t\t\t\t\t\tAutomatically makes your website discoverable by LLMs search\t\t\t\t\t\t<\/li>\n\t\t\t\t\t\n\t\t\t\t\t\t\n\t\t\t\t\t\t<li class=\"\">\n\t\t\t\t\t\t\t\t\t\t\t\t\t\t\t<span class=\"bullet\"><\/span>\n\t\t\t\t\t\t\t\t\t\t\t\t\t\t100 000 AI-Generated Recommendations\/Month\t\t\t\t\t\t<\/li>\n\t\t\t\t\t\n\t\t\t\t\t\t\n\t\t\t\t\t\t<li class=\"\">\n\t\t\t\t\t\t\t\t\t\t\t\t\t\t\t<span class=\"bullet\"><\/span>\n\t\t\t\t\t\t\t\t\t\t\t\t\t\tComprehensive Visitor Insights: Unlimited visitors, sales conversions, and actions per visit collected\t\t\t\t\t\t<\/li>\n\t\t\t\t\t\n\t\t\t\t\t\t\n\t\t\t\t\t\t<li class=\"\">\n\t\t\t\t\t\t\t\t\t\t\t\t\t\t\t<span class=\"bullet\"><\/span>\n\t\t\t\t\t\t\t\t\t\t\t\t\t\tProduct Catalog Support: Import up to 50 000 products\t\t\t\t\t\t<\/li>\n\t\t\t\t\t\n\t\t\t\t\t\t\n\t\t\t\t\t\t<li class=\"\">\n\t\t\t\t\t\t\t\t\t\t\t\t\t\t\t<span class=\"bullet\"><\/span>\n\t\t\t\t\t\t\t\t\t\t\t\t\t\tSeamless Integration: Standard support for a smooth setup\t\t\t\t\t\t<\/li>\n\t\t\t\t\t\t\t\t\t<\/ul>\n\t\t\t\t<!-- \/.tt-pricing__feature-list -->\n\t\t\t<\/div>\n\t\t\t<!-- \/.tt-pricing__feature-lists -->\n\n\t\t\t\t\t\t\t<div class=\"tt-pricing__action\">\n\t\t\t\t\t<a href=\"https:\/\/smartbusiness.digital\/ro\/try\/\"\tclass=\"tt-btn btn-outline\">\n\t\t\t\t\t\tStart Now\t\t\t\t\t<\/a>\n\t\t\t\t<\/div>\n\t\t\t\t<!-- \/.gp-pricing__action -->\n\t\t\t\t\t<\/div>\n\t\t<!-- \/.tt-pricing -->\n\t\t\t\t\t\t<\/div>\n\t\t\t\t<\/div>\n\t\t\t\t\t<\/div>\n\t\t<\/div>\n\t\t\t\t\t<\/div>\n\t\t<\/section>\n\t\t\t\t<section class=\"elementor-section elementor-inner-section elementor-element elementor-element-8fd8fa3 elementor-section-boxed elementor-section-height-default elementor-section-height-default\" data-id=\"8fd8fa3\" data-element_type=\"section\" data-e-type=\"section\">\n\t\t\t\t\t\t<div class=\"elementor-container elementor-column-gap-default\">\n\t\t\t\t\t<div class=\"elementor-column elementor-col-50 elementor-inner-column elementor-element elementor-element-31a28cf\" data-id=\"31a28cf\" data-element_type=\"column\" data-e-type=\"column\">\n\t\t\t<div class=\"elementor-widget-wrap elementor-element-populated\">\n\t\t\t\t\t\t<div class=\"elementor-element elementor-element-d59c9cd elementor-widget elementor-widget-tt-pricing-table-single\" data-id=\"d59c9cd\" data-element_type=\"widget\" data-e-type=\"widget\" data-widget_type=\"tt-pricing-table-single.default\">\n\t\t\t\t<div class=\"elementor-widget-container\">\n\t\t\t\t\t\n\t\t<div class=\"tt-pricing style-one\" >\n\t\t\t<div class=\"tt-pricing__header\">\n\t\t\t\t\t\t\t\t\t<h2 class=\"tt-pricing__title\">STARTER: Kickstart Your E-commerce Personalization Journey<\/h2>\n\t\t\t\t\n\t\t\t\t\t\t\t\t\t<h3 class=\"tt-pricing__price\">\n\t\t\t\t\t\t\t\t\t\t\t\t\t<span class=\"tt-pricing__price-wrap\"><span class=\"currency\">Just $<\/span><span>19<\/span><\/span><span class=\"tt-pricing__period\">\/month<\/span>\n\t\t\t\t\t\t\t\t\t\t\t<\/h3>\n\t\t\t\t\t\t\t<\/div>\n\n\t\t\t<div class=\"tt-pricing__feature-lists\">\n\t\t\t\t<ul class=\"tt-pricing__feature-list\">\n\n\n\t\t\t\t\t\n\t\t\t\t\t\t\n\t\t\t\t\t\t<li class=\"\">\n\t\t\t\t\t\t\t\t\t\t\t\t\t\t\t<span class=\"bullet\"><\/span>\n\t\t\t\t\t\t\t\t\t\t\t\t\t\t10 000 AI-Generated Recommendations\/Month\t\t\t\t\t\t<\/li>\n\t\t\t\t\t\n\t\t\t\t\t\t\n\t\t\t\t\t\t<li class=\"\">\n\t\t\t\t\t\t\t\t\t\t\t\t\t\t\t<span class=\"bullet\"><\/span>\n\t\t\t\t\t\t\t\t\t\t\t\t\t\tComprehensive Visitor Insights: Unlimited visitors, sales conversions, and actions per visit collected\t\t\t\t\t\t<\/li>\n\t\t\t\t\t\n\t\t\t\t\t\t\n\t\t\t\t\t\t<li class=\"\">\n\t\t\t\t\t\t\t\t\t\t\t\t\t\t\t<span class=\"bullet\"><\/span>\n\t\t\t\t\t\t\t\t\t\t\t\t\t\tProduct Catalog Support: Import up to 2 000 products\t\t\t\t\t\t<\/li>\n\t\t\t\t\t\n\t\t\t\t\t\t\n\t\t\t\t\t\t<li class=\"\">\n\t\t\t\t\t\t\t\t\t\t\t\t\t\t\t<span class=\"bullet\"><\/span>\n\t\t\t\t\t\t\t\t\t\t\t\t\t\tSeamless Integration: Standard support for a smooth setup\t\t\t\t\t\t<\/li>\n\t\t\t\t\t\t\t\t\t<\/ul>\n\t\t\t\t<!-- \/.tt-pricing__feature-list -->\n\t\t\t<\/div>\n\t\t\t<!-- \/.tt-pricing__feature-lists -->\n\n\t\t\t\t\t\t\t<div class=\"tt-pricing__action\">\n\t\t\t\t\t<a href=\"https:\/\/platform.smartbusiness.digital\/register\"\tclass=\"tt-btn btn-outline\">\n\t\t\t\t\t\tStart Now\t\t\t\t\t<\/a>\n\t\t\t\t<\/div>\n\t\t\t\t<!-- \/.gp-pricing__action -->\n\t\t\t\t\t<\/div>\n\t\t<!-- \/.tt-pricing -->\n\t\t\t\t\t\t<\/div>\n\t\t\t\t<\/div>\n\t\t\t\t\t<\/div>\n\t\t<\/div>\n\t\t\t\t<div class=\"elementor-column elementor-col-50 elementor-inner-column elementor-element elementor-element-97c0b6e\" data-id=\"97c0b6e\" data-element_type=\"column\" data-e-type=\"column\">\n\t\t\t<div class=\"elementor-widget-wrap elementor-element-populated\">\n\t\t\t\t\t\t<div class=\"elementor-element elementor-element-2fad72d elementor-widget elementor-widget-tt-pricing-table-single\" data-id=\"2fad72d\" data-element_type=\"widget\" data-e-type=\"widget\" data-widget_type=\"tt-pricing-table-single.default\">\n\t\t\t\t<div class=\"elementor-widget-container\">\n\t\t\t\t\t\n\t\t<div class=\"tt-pricing featured style-one\" >\n\t\t\t<div class=\"tt-pricing__header\">\n\t\t\t\t\t\t\t\t\t<h2 class=\"tt-pricing__title\">GROWTH: Accelerate Your Online Store&#039;s Success <\/h2>\n\t\t\t\t\n\t\t\t\t\t\t\t\t\t<h3 class=\"tt-pricing__price\">\n\t\t\t\t\t\t\t\t\t\t\t\t\t<span class=\"tt-pricing__price-wrap\"><span class=\"currency\">Only $<\/span><span>49<\/span><\/span><span class=\"tt-pricing__period\">\/month<\/span>\n\t\t\t\t\t\t\t\t\t\t\t<\/h3>\n\t\t\t\t\t\t\t<\/div>\n\n\t\t\t<div class=\"tt-pricing__feature-lists\">\n\t\t\t\t<ul class=\"tt-pricing__feature-list\">\n\n\n\t\t\t\t\t\n\t\t\t\t\t\t\n\t\t\t\t\t\t<li class=\"\">\n\t\t\t\t\t\t\t\t\t\t\t\t\t\t\t<span class=\"bullet\"><\/span>\n\t\t\t\t\t\t\t\t\t\t\t\t\t\t30 000 AI-Generated Recommendations\/Month\t\t\t\t\t\t<\/li>\n\t\t\t\t\t\n\t\t\t\t\t\t\n\t\t\t\t\t\t<li class=\"\">\n\t\t\t\t\t\t\t\t\t\t\t\t\t\t\t<span class=\"bullet\"><\/span>\n\t\t\t\t\t\t\t\t\t\t\t\t\t\tComprehensive Visitor Insights: Unlimited visitors, sales conversions, and actions per visit collected\t\t\t\t\t\t<\/li>\n\t\t\t\t\t\n\t\t\t\t\t\t\n\t\t\t\t\t\t<li class=\"\">\n\t\t\t\t\t\t\t\t\t\t\t\t\t\t\t<span class=\"bullet\"><\/span>\n\t\t\t\t\t\t\t\t\t\t\t\t\t\tProduct Catalog Support: Import up to 10 000 products\t\t\t\t\t\t<\/li>\n\t\t\t\t\t\n\t\t\t\t\t\t\n\t\t\t\t\t\t<li class=\"\">\n\t\t\t\t\t\t\t\t\t\t\t\t\t\t\t<span class=\"bullet\"><\/span>\n\t\t\t\t\t\t\t\t\t\t\t\t\t\tEnhanced Integration: Advanced support for a seamless experience\t\t\t\t\t\t<\/li>\n\t\t\t\t\t\t\t\t\t<\/ul>\n\t\t\t\t<!-- \/.tt-pricing__feature-list -->\n\t\t\t<\/div>\n\t\t\t<!-- \/.tt-pricing__feature-lists -->\n\n\t\t\t\t\t\t\t<div class=\"tt-pricing__action\">\n\t\t\t\t\t<a href=\"https:\/\/platform.smartbusiness.digital\/register\"\tclass=\"tt-btn featured_btn\">\n\t\t\t\t\t\tStart Now\t\t\t\t\t<\/a>\n\t\t\t\t<\/div>\n\t\t\t\t<!-- \/.gp-pricing__action -->\n\t\t\t\t\t<\/div>\n\t\t<!-- \/.tt-pricing -->\n\t\t\t\t\t\t<\/div>\n\t\t\t\t<\/div>\n\t\t\t\t\t<\/div>\n\t\t<\/div>\n\t\t\t\t\t<\/div>\n\t\t<\/section>\n\t\t\t\t\t<\/div>\n\t\t<\/div>\n\t\t\t\t\t<\/div>\n\t\t<\/section>\n\t\t\t\t<section class=\"elementor-section elementor-top-section elementor-element elementor-element-7fd8411 elementor-section-boxed elementor-section-height-default elementor-section-height-default\" data-id=\"7fd8411\" data-element_type=\"section\" data-e-type=\"section\">\n\t\t\t\t\t\t<div class=\"elementor-container elementor-column-gap-default\">\n\t\t\t\t\t<div class=\"elementor-column elementor-col-100 elementor-top-column elementor-element elementor-element-ce74a14\" data-id=\"ce74a14\" data-element_type=\"column\" data-e-type=\"column\">\n\t\t\t<div class=\"elementor-widget-wrap elementor-element-populated\">\n\t\t\t\t\t\t<section class=\"elementor-section elementor-inner-section elementor-element elementor-element-68bad22 elementor-section-boxed elementor-section-height-default elementor-section-height-default\" data-id=\"68bad22\" data-element_type=\"section\" data-e-type=\"section\">\n\t\t\t\t\t\t<div class=\"elementor-container elementor-column-gap-default\">\n\t\t\t\t\t<div class=\"elementor-column elementor-col-50 elementor-inner-column elementor-element elementor-element-ce7bb0d\" data-id=\"ce7bb0d\" data-element_type=\"column\" data-e-type=\"column\">\n\t\t\t<div class=\"elementor-widget-wrap elementor-element-populated\">\n\t\t\t\t\t\t<div class=\"elementor-element elementor-element-e8c8fe7 elementor-widget elementor-widget-tt-pricing-table-single\" data-id=\"e8c8fe7\" data-element_type=\"widget\" data-e-type=\"widget\" data-widget_type=\"tt-pricing-table-single.default\">\n\t\t\t\t<div class=\"elementor-widget-container\">\n\t\t\t\t\t\n\t\t<div class=\"tt-pricing style-one\" >\n\t\t\t<div class=\"tt-pricing__header\">\n\t\t\t\t\t\t\t\t\t<h2 class=\"tt-pricing__title\">PRO: Maximize Your E-commerce Potential <\/h2>\n\t\t\t\t\n\t\t\t\t\t\t\t\t\t<h3 class=\"tt-pricing__price\">\n\t\t\t\t\t\t\t\t\t\t\t\t\t<span class=\"tt-pricing__price-wrap\"><span class=\"currency\">$<\/span><span>99<\/span><\/span><span class=\"tt-pricing__period\">\/month<\/span>\n\t\t\t\t\t\t\t\t\t\t\t<\/h3>\n\t\t\t\t\t\t\t<\/div>\n\n\t\t\t<div class=\"tt-pricing__feature-lists\">\n\t\t\t\t<ul class=\"tt-pricing__feature-list\">\n\n\n\t\t\t\t\t\n\t\t\t\t\t\t\n\t\t\t\t\t\t<li class=\"\">\n\t\t\t\t\t\t\t\t\t\t\t\t\t\t\t<span class=\"bullet\"><\/span>\n\t\t\t\t\t\t\t\t\t\t\t\t\t\t75 000 AI-Generated Recommendations\/Month\t\t\t\t\t\t<\/li>\n\t\t\t\t\t\n\t\t\t\t\t\t\n\t\t\t\t\t\t<li class=\"\">\n\t\t\t\t\t\t\t\t\t\t\t\t\t\t\t<span class=\"bullet\"><\/span>\n\t\t\t\t\t\t\t\t\t\t\t\t\t\tComprehensive Visitor Insights: Unlimited visitors, sales conversions, and actions per visit collected\t\t\t\t\t\t<\/li>\n\t\t\t\t\t\n\t\t\t\t\t\t\n\t\t\t\t\t\t<li class=\"\">\n\t\t\t\t\t\t\t\t\t\t\t\t\t\t\t<span class=\"bullet\"><\/span>\n\t\t\t\t\t\t\t\t\t\t\t\t\t\tProduct Catalog Support: Import up to 25 000 products\t\t\t\t\t\t<\/li>\n\t\t\t\t\t\n\t\t\t\t\t\t\n\t\t\t\t\t\t<li class=\"\">\n\t\t\t\t\t\t\t\t\t\t\t\t\t\t\t<span class=\"bullet\"><\/span>\n\t\t\t\t\t\t\t\t\t\t\t\t\t\tPremium Integration: Advanced support and priority customer service\t\t\t\t\t\t<\/li>\n\t\t\t\t\t\n\t\t\t\t\t\t\n\t\t\t\t\t\t<li class=\"\">\n\t\t\t\t\t\t\t\t\t\t\t\t\t\t\t<span class=\"bullet\"><\/span>\n\t\t\t\t\t\t\t\t\t\t\t\t\t\tExclusive Benefits: Early access to new features and improvements\t\t\t\t\t\t<\/li>\n\t\t\t\t\t\t\t\t\t<\/ul>\n\t\t\t\t<!-- \/.tt-pricing__feature-list -->\n\t\t\t<\/div>\n\t\t\t<!-- \/.tt-pricing__feature-lists -->\n\n\t\t\t\t\t\t\t<div class=\"tt-pricing__action\">\n\t\t\t\t\t<a href=\"https:\/\/platform.smartbusiness.digital\/register\"\tclass=\"tt-btn btn-outline\">\n\t\t\t\t\t\tStart Now\t\t\t\t\t<\/a>\n\t\t\t\t<\/div>\n\t\t\t\t<!-- \/.gp-pricing__action -->\n\t\t\t\t\t<\/div>\n\t\t<!-- \/.tt-pricing -->\n\t\t\t\t\t\t<\/div>\n\t\t\t\t<\/div>\n\t\t\t\t\t<\/div>\n\t\t<\/div>\n\t\t\t\t<div class=\"elementor-column elementor-col-50 elementor-inner-column elementor-element elementor-element-0c236c3\" data-id=\"0c236c3\" data-element_type=\"column\" data-e-type=\"column\">\n\t\t\t<div class=\"elementor-widget-wrap elementor-element-populated\">\n\t\t\t\t\t\t<div class=\"elementor-element elementor-element-dbf080d elementor-widget elementor-widget-tt-pricing-table-single\" data-id=\"dbf080d\" data-element_type=\"widget\" data-e-type=\"widget\" data-widget_type=\"tt-pricing-table-single.default\">\n\t\t\t\t<div class=\"elementor-widget-container\">\n\t\t\t\t\t\n\t\t<div class=\"tt-pricing featured style-one\" >\n\t\t\t<div class=\"tt-pricing__header\">\n\t\t\t\t\t\t\t\t\t<h2 class=\"tt-pricing__title\"> ENTERPRISE: Custom Solutions for Large-scale Success<\/h2>\n\t\t\t\t\n\t\t\t\t\t\t\t\t\t<h3 class=\"tt-pricing__price\">\n\t\t\t\t\t\t\t\t\t\t\t\t\t<span class=\"tt-pricing__price-wrap\"><span class=\"currency\"><\/span><span>Contact sales<\/span>\t\t\t\t\t<\/h3>\n\t\t\t\t\t\t\t<\/div>\n\n\t\t\t<div class=\"tt-pricing__feature-lists\">\n\t\t\t\t<ul class=\"tt-pricing__feature-list\">\n\n\n\t\t\t\t\t\n\t\t\t\t\t\t\n\t\t\t\t\t\t<li class=\"\">\n\t\t\t\t\t\t\t\t\t\t\t\t\t\t\t<span class=\"bullet\"><\/span>\n\t\t\t\t\t\t\t\t\t\t\t\t\t\tCustom Pricing: Tailored to your specific needs and usage\t\t\t\t\t\t<\/li>\n\t\t\t\t\t\n\t\t\t\t\t\t\n\t\t\t\t\t\t<li class=\"\">\n\t\t\t\t\t\t\t\t\t\t\t\t\t\t\t<span class=\"bullet\"><\/span>\n\t\t\t\t\t\t\t\t\t\t\t\t\t\tCustom AI-Generated Recommendations: Adapted to your business scale\t\t\t\t\t\t<\/li>\n\t\t\t\t\t\n\t\t\t\t\t\t\n\t\t\t\t\t\t<li class=\"\">\n\t\t\t\t\t\t\t\t\t\t\t\t\t\t\t<span class=\"bullet\"><\/span>\n\t\t\t\t\t\t\t\t\t\t\t\t\t\tComprehensive Visitor Insights: Unlimited visitors, sales conversions, and actions per visit collected\t\t\t\t\t\t<\/li>\n\t\t\t\t\t\n\t\t\t\t\t\t\n\t\t\t\t\t\t<li class=\"\">\n\t\t\t\t\t\t\t\t\t\t\t\t\t\t\t<span class=\"bullet\"><\/span>\n\t\t\t\t\t\t\t\t\t\t\t\t\t\tProduct Catalog Support: Custom import capabilities\t\t\t\t\t\t<\/li>\n\t\t\t\t\t\n\t\t\t\t\t\t\n\t\t\t\t\t\t<li class=\"\">\n\t\t\t\t\t\t\t\t\t\t\t\t\t\t\t<span class=\"bullet\"><\/span>\n\t\t\t\t\t\t\t\t\t\t\t\t\t\tPersonalized Integration: Custom integration support and a dedicated account manager\t\t\t\t\t\t<\/li>\n\t\t\t\t\t\n\t\t\t\t\t\t\n\t\t\t\t\t\t<li class=\"\">\n\t\t\t\t\t\t\t\t\t\t\t\t\t\t\t<span class=\"bullet\"><\/span>\n\t\t\t\t\t\t\t\t\t\t\t\t\t\tBespoke Benefits: Custom integrations, tailored onboarding, and training for your team\t\t\t\t\t\t<\/li>\n\t\t\t\t\t\t\t\t\t<\/ul>\n\t\t\t\t<!-- \/.tt-pricing__feature-list -->\n\t\t\t<\/div>\n\t\t\t<!-- \/.tt-pricing__feature-lists -->\n\n\t\t\t\t\t\t\t<div class=\"tt-pricing__action\">\n\t\t\t\t\t<a href=\"https:\/\/platform.smartbusiness.digital\/register\"\tclass=\"tt-btn featured_btn\">\n\t\t\t\t\t\tStart Now\t\t\t\t\t<\/a>\n\t\t\t\t<\/div>\n\t\t\t\t<!-- \/.gp-pricing__action -->\n\t\t\t\t\t<\/div>\n\t\t<!-- \/.tt-pricing -->\n\t\t\t\t\t\t<\/div>\n\t\t\t\t<\/div>\n\t\t\t\t\t<\/div>\n\t\t<\/div>\n\t\t\t\t\t<\/div>\n\t\t<\/section>\n\t\t\t\t<div class=\"elementor-element elementor-element-6d56ed4 elementor-widget elementor-widget-text-editor\" data-id=\"6d56ed4\" data-element_type=\"widget\" data-e-type=\"widget\" data-widget_type=\"text-editor.default\">\n\t\t\t\t<div class=\"elementor-widget-container\">\n\t\t\t\t\t\t\t\t\t<p><span style=\"font-weight: 400;\">Discover the package that suits your e-commerce business and start boosting your sales with SmartBusiness&#8217;s AI-driven personalization today!<\/span><\/p>\t\t\t\t\t\t\t\t<\/div>\n\t\t\t\t<\/div>\n\t\t\t\t<div class=\"elementor-element elementor-element-f093977 elementor-widget elementor-widget-text-editor\" data-id=\"f093977\" data-element_type=\"widget\" data-e-type=\"widget\" data-widget_type=\"text-editor.default\">\n\t\t\t\t<div class=\"elementor-widget-container\">\n\t\t\t\t\t\t\t\t\t<p>Con\u0163inutul acestui material nu reprezint\u0103 \u00een mod obligatoriu pozi\u0163ia oficial\u0103 a Uniunii Europene sau a Guvernului Rom\u00e2niei. Pentru informa\u021bii detaliate despre celelate programe cofinan\u021bate de Uniunea European\u0103, v\u0103 invit\u0103m s\u0103 vizita\u021bi <a href=\"https:\/\/www.fonduri-ue.ro\/\">www.fonduri-ue.ro<\/a><\/p>\t\t\t\t\t\t\t\t<\/div>\n\t\t\t\t<\/div>\n\t\t\t\t\t<\/div>\n\t\t<\/div>\n\t\t\t\t\t<\/div>\n\t\t<\/section>\n\t\t\t\t<section class=\"elementor-section elementor-top-section elementor-element elementor-element-f94f3bc elementor-section-boxed elementor-section-height-default elementor-section-height-default\" data-id=\"f94f3bc\" data-element_type=\"section\" data-e-type=\"section\">\n\t\t\t\t\t\t<div class=\"elementor-container elementor-column-gap-default\">\n\t\t\t\t\t<div class=\"elementor-column elementor-col-100 elementor-top-column elementor-element elementor-element-5989933\" data-id=\"5989933\" data-element_type=\"column\" data-e-type=\"column\">\n\t\t\t<div class=\"elementor-widget-wrap\">\n\t\t\t\t\t\t\t<\/div>\n\t\t<\/div>\n\t\t\t\t\t<\/div>\n\t\t<\/section>\n\t\t\t\t<\/div>","protected":false},"excerpt":{"rendered":"<p>SmartBUSINESS &#8211; INNOVATIVE PLATFORM for automating business processes based on behavioral information\u00a0(project code 129017)Project co-financed by the European Regional Development Fund through the Operational Program Competitiveness 2014-2020. Check Our Plans Everything you need to increase conversions and better brand-to-client automated conversation\u00a0and unify customers&#8217; profiles and experiences online. Choose the perfect package tailored to your e-commerce [&hellip;]<\/p>\n","protected":false},"author":1,"featured_media":0,"parent":0,"menu_order":0,"comment_status":"closed","ping_status":"closed","template":"elementor_header_footer","meta":{"content-type":"","footnotes":""},"class_list":["post-272","page","type-page","status-publish","hentry"],"aioseo_notices":[],"_links":{"self":[{"href":"https:\/\/smartbusiness.digital\/ro\/wp-json\/wp\/v2\/pages\/272","targetHints":{"allow":["GET"]}}],"collection":[{"href":"https:\/\/smartbusiness.digital\/ro\/wp-json\/wp\/v2\/pages"}],"about":[{"href":"https:\/\/smartbusiness.digital\/ro\/wp-json\/wp\/v2\/types\/page"}],"author":[{"embeddable":true,"href":"https:\/\/smartbusiness.digital\/ro\/wp-json\/wp\/v2\/users\/1"}],"replies":[{"embeddable":true,"href":"https:\/\/smartbusiness.digital\/ro\/wp-json\/wp\/v2\/comments?post=272"}],"version-history":[{"count":203,"href":"https:\/\/smartbusiness.digital\/ro\/wp-json\/wp\/v2\/pages\/272\/revisions"}],"predecessor-version":[{"id":7217,"href":"https:\/\/smartbusiness.digital\/ro\/wp-json\/wp\/v2\/pages\/272\/revisions\/7217"}],"wp:attachment":[{"href":"https:\/\/smartbusiness.digital\/ro\/wp-json\/wp\/v2\/media?parent=272"}],"curies":[{"name":"wp","href":"https:\/\/api.w.org\/{rel}","templated":true}]}}