{"id":276,"date":"2021-10-10T12:20:20","date_gmt":"2021-10-10T12:20:20","guid":{"rendered":"https:\/\/quiety-wp.themetags.com\/?page_id=276"},"modified":"2022-08-05T10:59:47","modified_gmt":"2022-08-05T10:59:47","slug":"about-us","status":"publish","type":"page","link":"https:\/\/smartbusiness.digital\/ro\/about-us\/","title":{"rendered":"Despre noi"},"content":{"rendered":"<div data-elementor-type=\"wp-page\" data-elementor-id=\"276\" class=\"elementor elementor-276\">\n\t\t\t\t\t\t<section class=\"elementor-section elementor-top-section elementor-element elementor-element-a8b5ba7 elementor-section-boxed elementor-section-height-default elementor-section-height-default\" data-id=\"a8b5ba7\" data-element_type=\"section\" data-e-type=\"section\">\n\t\t\t\t\t\t<div class=\"elementor-container elementor-column-gap-default\">\n\t\t\t\t\t<div class=\"elementor-column elementor-col-100 elementor-top-column elementor-element elementor-element-853ab5a\" data-id=\"853ab5a\" data-element_type=\"column\" data-e-type=\"column\">\n\t\t\t<div class=\"elementor-widget-wrap elementor-element-populated\">\n\t\t\t\t\t\t<div class=\"elementor-element elementor-element-69836aa elementor-widget elementor-widget-image\" data-id=\"69836aa\" data-element_type=\"widget\" data-e-type=\"widget\" id=\"logo-ue\" data-widget_type=\"image.default\">\n\t\t\t\t<div class=\"elementor-widget-container\">\n\t\t\t\t\t\t\t\t\t\t\t\t\t\t\t<img fetchpriority=\"high\" decoding=\"async\" width=\"768\" height=\"95\" src=\"https:\/\/smartbusiness.digital\/wp-content\/uploads\/2022\/08\/Banner-www.smartbusiness.digital.svg\" class=\"attachment-medium_large size-medium_large wp-image-6257\" alt=\"\" \/>\t\t\t\t\t\t\t\t\t\t\t\t\t\t\t<\/div>\n\t\t\t\t<\/div>\n\t\t\t\t<div class=\"elementor-element elementor-element-ac6df78 tt-view-stacked tt-shape-rounded tt-heading-fill-color elementor-widget elementor-widget-tt-heading\" data-id=\"ac6df78\" data-element_type=\"widget\" data-e-type=\"widget\" id=\"logo-ue\" data-widget_type=\"tt-heading.default\">\n\t\t\t\t<div class=\"elementor-widget-container\">\n\t\t\t\t\t\r\n\t\t<div class=\"section-heading style-one\">\r\n\r\n\t\t\t\t\t\t<!-- \/.icon-container -->\r\n\r\n\t\t\t\r\n\t\t\t\r\n\t\t\t\t\t\t\t<div class=\"description\"><p><strong>SmartBUSINESS - PLATFORM\u0102 INOVATIV\u0102 pentru automatizarea proceselor de business bazate pe informa\u021bii comportamentale<\/strong><strong>\u00a0(cod proiect 129017)<\/strong><br \/>Proiect cofinan\u021bat din Fondul European de Dezvoltare Regional\u0103 prin Programul Opera\u021bional Competitivitate 2014-2020.<\/p><\/div>\r\n\t\t\t\t\t<\/div>\r\n\r\n\t\t\t\t\t\t<\/div>\n\t\t\t\t<\/div>\n\t\t\t\t\t<\/div>\n\t\t<\/div>\n\t\t\t\t\t<\/div>\n\t\t<\/section>\n\t\t\t\t<section class=\"elementor-section elementor-top-section elementor-element elementor-element-2bfe979 elementor-section-boxed elementor-section-height-default elementor-section-height-default\" data-id=\"2bfe979\" data-element_type=\"section\" data-e-type=\"section\" id=\"our-team\">\n\t\t\t\t\t\t<div class=\"elementor-container elementor-column-gap-default\">\n\t\t\t\t\t<div class=\"elementor-column elementor-col-100 elementor-top-column elementor-element elementor-element-029b3f7\" data-id=\"029b3f7\" data-element_type=\"column\" data-e-type=\"column\">\n\t\t\t<div class=\"elementor-widget-wrap elementor-element-populated\">\n\t\t\t\t\t\t<div class=\"elementor-element elementor-element-344dc23 tt-view-stacked tt-shape-rounded tt-heading-fill-color elementor-widget elementor-widget-tt-heading\" data-id=\"344dc23\" data-element_type=\"widget\" data-e-type=\"widget\" data-widget_type=\"tt-heading.default\">\n\t\t\t\t<div class=\"elementor-widget-container\">\n\t\t\t\t\t\r\n\t\t<div class=\"section-heading style-one\">\r\n\r\n\t\t\t\t\t\t<!-- \/.icon-container -->\r\n\r\n\t\t\t\r\n\t\t\t<h2 class=\"section-title\">Our Team<\/h2>\r\n\t\t\t\t\t\t\t<div class=\"description\"><p>WEBMAGNAT SRL is a Romanian web software development solutions company established in 2007 in Ia\u0219i. The company became in the 15 years of activity a respected partner for its customers in the automation of business processes by creating software applications based on Artificial Intelligence and marketing campaigns that bring real value to its customers and help companies scale.<\/p><p>ICEBERG PLUS SRL is a tech company from Romania, that specializes in innovative services and technology transfer, funded projects with non-reimbursable development strategies. Iceberg\u2019s technology division is developing a unique service ecosystem, focused on the digital transformation of communities, through technologies adapted to each beneficiary and process digitization. This division is focused currently on the development of solutions and services in areas such as Big Data, Business Analytics, Smart City, Security, IoT, and AI for organizations public and private in Romania and Europe. With offices in Bra\u0219ov, Bucharest, Cluj-Napoca, Constan\u021ba, Ia\u0219i, and Paris and with a network of partners at the European level, Iceberg is a hub of ideas and resources that generate innovation.<\/p><\/div>\r\n\t\t\t\t\t<\/div>\r\n\r\n\t\t\t\t\t\t<\/div>\n\t\t\t\t<\/div>\n\t\t\t\t\t<\/div>\n\t\t<\/div>\n\t\t\t\t\t<\/div>\n\t\t<\/section>\n\t\t\t\t<section class=\"elementor-section elementor-top-section elementor-element elementor-element-dde1a0d elementor-section-boxed elementor-section-height-default elementor-section-height-default\" data-id=\"dde1a0d\" data-element_type=\"section\" data-e-type=\"section\">\n\t\t\t\t\t\t<div class=\"elementor-container elementor-column-gap-default\">\n\t\t\t\t\t<div class=\"elementor-column elementor-col-100 elementor-top-column elementor-element elementor-element-86ed224\" data-id=\"86ed224\" data-element_type=\"column\" data-e-type=\"column\">\n\t\t\t<div class=\"elementor-widget-wrap elementor-element-populated\">\n\t\t\t\t\t\t<div class=\"elementor-element elementor-element-f9359a2 elementor-widget elementor-widget-spacer\" data-id=\"f9359a2\" data-element_type=\"widget\" data-e-type=\"widget\" data-widget_type=\"spacer.default\">\n\t\t\t\t<div class=\"elementor-widget-container\">\n\t\t\t\t\t\t\t<div class=\"elementor-spacer\">\n\t\t\t<div class=\"elementor-spacer-inner\"><\/div>\n\t\t<\/div>\n\t\t\t\t\t\t<\/div>\n\t\t\t\t<\/div>\n\t\t\t\t\t<\/div>\n\t\t<\/div>\n\t\t\t\t\t<\/div>\n\t\t<\/section>\n\t\t\t\t<section class=\"elementor-section elementor-top-section elementor-element elementor-element-68853e7 elementor-section-boxed elementor-section-height-default elementor-section-height-default\" data-id=\"68853e7\" data-element_type=\"section\" data-e-type=\"section\">\n\t\t\t\t\t\t<div class=\"elementor-container elementor-column-gap-default\">\n\t\t\t\t\t<div class=\"elementor-column elementor-col-100 elementor-top-column elementor-element elementor-element-d242002\" data-id=\"d242002\" data-element_type=\"column\" data-e-type=\"column\">\n\t\t\t<div class=\"elementor-widget-wrap elementor-element-populated\">\n\t\t\t\t\t\t<div class=\"elementor-element elementor-element-a9fa359 elementor-widget elementor-widget-text-editor\" data-id=\"a9fa359\" data-element_type=\"widget\" data-e-type=\"widget\" data-widget_type=\"text-editor.default\">\n\t\t\t\t<div class=\"elementor-widget-container\">\n\t\t\t\t\t\t\t\t\t<p>Con\u0163inutul acestui material nu reprezint\u0103 \u00een mod obligatoriu pozi\u0163ia oficial\u0103 a Uniunii Europene sau a Guvernului Rom\u00e2niei. Pentru informa\u021bii detaliate despre celelate programe cofinan\u021bate de Uniunea European\u0103, v\u0103 invit\u0103m s\u0103 vizita\u021bi <a href=\"https:\/\/www.fonduri-ue.ro\/\">www.fonduri-ue.ro<\/a><\/p>\t\t\t\t\t\t\t\t<\/div>\n\t\t\t\t<\/div>\n\t\t\t\t\t<\/div>\n\t\t<\/div>\n\t\t\t\t\t<\/div>\n\t\t<\/section>\n\t\t\t\t<\/div>","protected":false},"excerpt":{"rendered":"<p>SmartBUSINESS &#8211; INNOVATIVE PLATFORM for automating business processes based on behavioral information\u00a0(project code 129017)Project co-financed by the European Regional Development Fund through the Operational Program Competitiveness 2014-2020. Our Team WEBMAGNAT SRL is a Romanian web software development solutions company established in 2007 in Ia\u0219i. The company became in the 15 years of activity a respected [&hellip;]<\/p>\n","protected":false},"author":1,"featured_media":0,"parent":0,"menu_order":0,"comment_status":"closed","ping_status":"closed","template":"elementor_header_footer","meta":{"content-type":"","footnotes":""},"class_list":["post-276","page","type-page","status-publish","hentry"],"aioseo_notices":[],"_links":{"self":[{"href":"https:\/\/smartbusiness.digital\/ro\/wp-json\/wp\/v2\/pages\/276","targetHints":{"allow":["GET"]}}],"collection":[{"href":"https:\/\/smartbusiness.digital\/ro\/wp-json\/wp\/v2\/pages"}],"about":[{"href":"https:\/\/smartbusiness.digital\/ro\/wp-json\/wp\/v2\/types\/page"}],"author":[{"embeddable":true,"href":"https:\/\/smartbusiness.digital\/ro\/wp-json\/wp\/v2\/users\/1"}],"replies":[{"embeddable":true,"href":"https:\/\/smartbusiness.digital\/ro\/wp-json\/wp\/v2\/comments?post=276"}],"version-history":[{"count":110,"href":"https:\/\/smartbusiness.digital\/ro\/wp-json\/wp\/v2\/pages\/276\/revisions"}],"predecessor-version":[{"id":6281,"href":"https:\/\/smartbusiness.digital\/ro\/wp-json\/wp\/v2\/pages\/276\/revisions\/6281"}],"wp:attachment":[{"href":"https:\/\/smartbusiness.digital\/ro\/wp-json\/wp\/v2\/media?parent=276"}],"curies":[{"name":"wp","href":"https:\/\/api.w.org\/{rel}","templated":true}]}}