{"id":3,"date":"2021-08-02T07:58:56","date_gmt":"2021-08-02T07:58:56","guid":{"rendered":"https:\/\/smartbusiness.digital\/?page_id=3"},"modified":"2022-08-05T10:59:52","modified_gmt":"2022-08-05T10:59:52","slug":"privacy-policy","status":"publish","type":"page","link":"https:\/\/smartbusiness.digital\/ro\/privacy-policy\/","title":{"rendered":"Politici de confiden\u021bialitate"},"content":{"rendered":"<div data-elementor-type=\"wp-page\" data-elementor-id=\"3\" class=\"elementor elementor-3\">\n\t\t\t\t\t\t<section class=\"elementor-section elementor-top-section elementor-element elementor-element-428263c elementor-section-boxed elementor-section-height-default elementor-section-height-default\" data-id=\"428263c\" data-element_type=\"section\" data-e-type=\"section\">\n\t\t\t\t\t\t<div class=\"elementor-container elementor-column-gap-default\">\n\t\t\t\t\t<div class=\"elementor-column elementor-col-100 elementor-top-column elementor-element elementor-element-40c55b8\" data-id=\"40c55b8\" data-element_type=\"column\" data-e-type=\"column\">\n\t\t\t<div class=\"elementor-widget-wrap elementor-element-populated\">\n\t\t\t\t\t\t<div class=\"elementor-element elementor-element-a4f878f elementor-widget elementor-widget-image\" data-id=\"a4f878f\" data-element_type=\"widget\" data-e-type=\"widget\" id=\"logo-ue\" data-widget_type=\"image.default\">\n\t\t\t\t<div class=\"elementor-widget-container\">\n\t\t\t\t\t\t\t\t\t\t\t\t\t\t\t<img fetchpriority=\"high\" decoding=\"async\" width=\"768\" height=\"95\" src=\"https:\/\/smartbusiness.digital\/wp-content\/uploads\/2022\/08\/Banner-www.smartbusiness.digital.svg\" class=\"attachment-medium_large size-medium_large wp-image-6257\" alt=\"\" \/>\t\t\t\t\t\t\t\t\t\t\t\t\t\t\t<\/div>\n\t\t\t\t<\/div>\n\t\t\t\t<div class=\"elementor-element elementor-element-fafea2b tt-view-stacked tt-shape-rounded tt-heading-fill-color elementor-widget elementor-widget-tt-heading\" data-id=\"fafea2b\" data-element_type=\"widget\" data-e-type=\"widget\" id=\"logo-ue\" data-widget_type=\"tt-heading.default\">\n\t\t\t\t<div class=\"elementor-widget-container\">\n\t\t\t\t\t\r\n\t\t<div class=\"section-heading style-one\">\r\n\r\n\t\t\t\t\t\t<!-- \/.icon-container -->\r\n\r\n\t\t\t\r\n\t\t\t\r\n\t\t\t\t\t\t\t<div class=\"description\"><p><strong>SmartBUSINESS - PLATFORM\u0102 INOVATIV\u0102 pentru automatizarea proceselor de business bazate pe informa\u021bii comportamentale<\/strong><strong>\u00a0(cod proiect 129017)<\/strong><br \/>Proiect cofinan\u021bat din Fondul European de Dezvoltare Regional\u0103 prin Programul Opera\u021bional Competitivitate 2014-2020.<\/p><\/div>\r\n\t\t\t\t\t<\/div>\r\n\r\n\t\t\t\t\t\t<\/div>\n\t\t\t\t<\/div>\n\t\t\t\t\t<\/div>\n\t\t<\/div>\n\t\t\t\t\t<\/div>\n\t\t<\/section>\n\t\t\t\t<section class=\"elementor-section elementor-top-section elementor-element elementor-element-5b4e02af elementor-section-boxed elementor-section-height-default elementor-section-height-default\" data-id=\"5b4e02af\" data-element_type=\"section\" data-e-type=\"section\" id=\"privacy-policy\">\n\t\t\t\t\t\t<div class=\"elementor-container elementor-column-gap-default\">\n\t\t\t\t\t<div class=\"elementor-column elementor-col-100 elementor-top-column elementor-element elementor-element-62de5032\" data-id=\"62de5032\" data-element_type=\"column\" data-e-type=\"column\">\n\t\t\t<div class=\"elementor-widget-wrap elementor-element-populated\">\n\t\t\t\t\t\t<div class=\"elementor-element elementor-element-6387728e elementor-widget elementor-widget-text-editor\" data-id=\"6387728e\" data-element_type=\"widget\" data-e-type=\"widget\" data-widget_type=\"text-editor.default\">\n\t\t\t\t<div class=\"elementor-widget-container\">\n\t\t\t\t\t\t\t\t\t<p><\/p>\n<p><span style=\"font-weight: 400;\">PROCESSING OF PERSONAL DATA<\/span><\/p>\n<p><\/p>\n<p><span style=\"font-weight: 400;\">IDENTIFICATION DATA<\/span><\/p>\n<p><b>S.C. WEBMAGNAT S.R.L<\/b><\/p>\n<p><span style=\"font-weight: 400;\">&nbsp;<\/span><\/p>\n<p><span style=\"font-weight: 400;\">Sediu:<\/span><b> Splaiul Bahlui Mal Stang 37, Iasi County<\/b><\/p>\n<p><span style=\"font-weight: 400;\">Vat number: <\/span><b>RO22991354 ONRC.J22\/3595\/2007<\/b><\/p>\n<p><span style=\"font-weight: 400;\">Num\u0103r de telefon: <\/span><b>+40 332 440 997<\/b><span style=\"font-weight: 400;\">, Mobile: <\/span><b>+40 770 143 534<\/b><\/p>\n<p><span style=\"font-weight: 400;\">Email: <\/span><b>better@smartbusiness.digital<\/b><\/p>\n<p><span style=\"font-weight: 400;\">&nbsp;<\/span><\/p>\n<p><b>We take care of your data<\/b><\/p>\n<p><span style=\"font-weight: 400;\">Protecting the information you provide is extremely important to us. Here are some things you need to know about the information we collect, the purpose for which we collect them, how we use them and who we share with them.<\/span><\/p>\n<p><span style=\"font-weight: 400;\">We respect the fundamental rights and freedoms of individuals, in particular, the right to the protection of personal data, by the General Rules on the processing of personal data.<\/span><\/p>\n<p><span style=\"font-weight: 400;\">We are committed to complying with the requirements of European Regulation 2016\/679\/EU and the rights of individual derivatives, namely to grant consent to the processing of personal data, to withdraw that consent, to request access to personal data, informed, rectify personal data, restrict their processing, erase these personal data (the right to be forgotten), port their personal data, oppose the processing.<\/span><\/p>\n<p><span style=\"font-weight: 400;\">We have implemented organizational and technical security procedures to ensure the confidentiality, transparency, integrity, and availability of personal data and to comply with the requirements of European Regulation 2016\/679\/EU through:<\/span><\/p>\n<ul>\n<li style=\"font-weight: 400;\" aria-level=\"1\"><span style=\"font-weight: 400;\">Managing all information in paper or electronic format with responsibility and professionalism;<\/span><\/li>\n<li style=\"font-weight: 400;\" aria-level=\"1\"><span style=\"font-weight: 400;\">Secure efficient communication channels;<\/span><\/li>\n<li style=\"font-weight: 400;\" aria-level=\"1\"><span style=\"font-weight: 400;\">Implementing organizational and technical measures for limiting access to personal data, reducing the risk of disclosure of personal data and protecting personal data in electronic form and paper;<\/span><\/li>\n<li style=\"font-weight: 400;\" aria-level=\"1\"><span style=\"font-weight: 400;\">Processing personal data only based on an agreement on your part, through a transparent process, or by applicable law;<\/span><\/li>\n<li style=\"font-weight: 400;\" aria-level=\"1\"><span style=\"font-weight: 400;\">Respect your decision on collecting, using, restricting, deleting and sharing information about you.<\/span><\/li>\n<\/ul>\n<p><span style=\"font-weight: 400;\">&nbsp;<\/span><\/p>\n<p><b>Why do we collect your data?<\/b><\/p>\n<p><span style=\"font-weight: 400;\">Using your data allows us to improve our services, help us process your requests faster, and better manage your relationship with you.<\/span><\/p>\n<p><span style=\"font-weight: 400;\">Here are some ways to use the information you provide:<\/span><\/p>\n<ul>\n<li style=\"font-weight: 400;\" aria-level=\"1\"><span style=\"font-weight: 400;\">To give you the information you requested;<\/span><\/li>\n<li style=\"font-weight: 400;\" aria-level=\"1\"><span style=\"font-weight: 400;\">To send you relevant information about our services;<\/span><\/li>\n<li style=\"font-weight: 400;\" aria-level=\"1\"><span style=\"font-weight: 400;\">To measure the performance of our advertising campaigns;<\/span><\/li>\n<li style=\"font-weight: 400;\" aria-level=\"1\"><span style=\"font-weight: 400;\">To measure the performance of our services;<\/span><\/li>\n<li style=\"font-weight: 400;\" aria-level=\"1\"><span style=\"font-weight: 400;\">To present you a job.<\/span><\/li>\n<\/ul>\n<p><span style=\"font-weight: 400;\">The data you provide helps us to ensure that if we send you a communication, it is relevant to you.<\/span><\/p>\n<p><span style=\"font-weight: 400;\">&nbsp;<\/span><\/p>\n<p><b>What kind of personal data do we collect?<\/b><\/p>\n<p><span style=\"font-weight: 400;\">To respond to requests for company services, we require personal data such as name, surname, contact details (telephone\/fax, e-mail address).<\/span><\/p>\n<p><span style=\"font-weight: 400;\">To participate in the recruitment processes for any position corresponding to your qualification and experience, we request personal data such as name, surname, date of birth, age photo, sex, home address\/residence, e-mail address, data on education, possession of a driving license, data on career interests.<\/span><\/p>\n<p><span style=\"font-weight: 400;\">Any information we have about you is most likely provided by you &#8211; for example, you have filled out a bid form, sent a resume. You may have access at any time to the data collected about you, such as Personal Information (Name, Address, Email, Phone), Type of Request, Origin of Request, Requested Services.<\/span><\/p>\n<p><span style=\"font-weight: 400;\">&nbsp;<\/span><\/p>\n<p><b>How long will we store your data<\/b><\/p>\n<p><span style=\"font-weight: 400;\">The table below shows the maximum times we will store your data. After this period, your data will be deleted safely.<\/span><\/p>\n<p><span style=\"font-weight: 400;\">&nbsp;<\/span><\/p>\n<table>\n<tbody>\n<tr>\n<td>\n<p><span style=\"font-weight: 400;\">Managing the (pre) contractual relationship with customers&nbsp;<\/span><\/p>\n<\/td>\n<td>\n<p><span style=\"font-weight: 400;\">5 years<\/span><\/p>\n<\/td>\n<\/tr>\n<tr>\n<td>\n<p><span style=\"font-weight: 400;\">Send relevant information about services, performance measurement<\/span><\/p>\n<\/td>\n<td>\n<p><span style=\"font-weight: 400;\">&#8211;<\/span><\/p>\n<\/td>\n<\/tr>\n<tr>\n<td>\n<p><span style=\"font-weight: 400;\">Promotion campaigns<\/span><\/p>\n<\/td>\n<td>\n<p><span style=\"font-weight: 400;\">5 years<\/span><\/p>\n<\/td>\n<\/tr>\n<tr>\n<td>\n<p><span style=\"font-weight: 400;\">Send custom service announcement ads<\/span><\/p>\n<\/td>\n<td>\n<p><span style=\"font-weight: 400;\">3 years<\/span><\/p>\n<\/td>\n<\/tr>\n<tr>\n<td>\n<p><span style=\"font-weight: 400;\">Making customer satisfaction surveys&nbsp;<\/span><\/p>\n<\/td>\n<td>\n<p><span style=\"font-weight: 400;\">3 years from the end of the survey<\/span><\/p>\n<\/td>\n<\/tr>\n<tr>\n<td>\n<p><span style=\"font-weight: 400;\">Processing the information contained in the CV&nbsp;<\/span><\/p>\n<\/td>\n<td>\n<p><span style=\"font-weight: 400;\">2 years from the date of the CV&#8217;s communication<\/span><\/p>\n<\/td>\n<\/tr>\n<\/tbody>\n<\/table>\n<p><span style=\"font-weight: 400;\">&nbsp;<\/span><\/p>\n<p><b>Who can we give them access to your data?<\/b><\/p>\n<p><span style=\"font-weight: 400;\">We may give access to some of your personal information to some of our partners to improve our services. We ensure the contract that they are as committed as we do in protecting personal data and information.<\/span><\/p>\n<p><i><span style=\"font-weight: 400;\">Service Providers<\/span><\/i><\/p>\n<p><span style=\"font-weight: 400;\">We provide your data to our service companies:<\/span><\/p>\n<ul>\n<li style=\"font-weight: 400;\" aria-level=\"1\"><span style=\"font-weight: 400;\">data analysis firms;<\/span><\/li>\n<li style=\"font-weight: 400;\" aria-level=\"1\"><span style=\"font-weight: 400;\">legal consulting firms;<\/span><\/li>\n<li style=\"font-weight: 400;\" aria-level=\"1\"><span style=\"font-weight: 400;\">consultancy.<\/span><\/li>\n<\/ul>\n<p><span style=\"font-weight: 400;\">All these companies have strict obligations to protect your data.<\/span><\/p>\n<p><i><span style=\"font-weight: 400;\">Reasons for compliance and security<\/span><\/i><\/p>\n<p><span style=\"font-weight: 400;\">We may need to disclose your data to public and governmental authorities for reasons of national security, law enforcement, or other public interest reasons. You will be informed under the law before such a transfer.<\/span><\/p>\n<p><span style=\"font-weight: 400;\">We may also disclose personal information if we determine in good faith that disclosure is necessary to protect our rights, resolve legal conflicts, comply with terms and conditions, investigate fraud or protect our users.<\/span><\/p>\n<p><span style=\"font-weight: 400;\">We do not transfer your data to the European Economic Area!<\/span><\/p>\n<p><span style=\"font-weight: 400;\">&nbsp;<\/span><\/p>\n<p><b>What are your rights?<\/b><\/p>\n<p><span style=\"font-weight: 400;\">You can access your data or ask to be deleted or modified at any time. You can also request to receive your data in a standard format.<\/span><\/p>\n<p><span style=\"font-weight: 400;\">You may object that your data will be processed or request that you restrict the use of your data.<\/span><\/p>\n<p><span style=\"font-weight: 400;\">Any communications about personal data will be made at better@smartbusiness.digital and for paper communications at the company&#8217;s registered office.<\/span><\/p>\n<p><span style=\"font-weight: 400;\">Finally, if you feel necessary, you have the right to file a complaint with the competent data protection authority.<\/span><\/p>\n<p><span style=\"font-weight: 400;\"><br><\/span><\/p>\n<p><b>Responsabil cu protec\u021bia datelor:<\/b><\/p>\n<p>Date de identificare:&nbsp;<span style=\"font-weight: 700; color: var( --e-global-color-text ); font-family: var( --e-global-typography-text-font-family ), Sans-serif; text-align: var(--bs-body-text-align);\">S.C. MUNIFICA S.R.L<\/span><\/p>\n<p>Sediu:<span style=\"font-weight: 700;\">&nbsp;Strada Cri\u0219an 5, Maramure\u0219 County<\/span><\/p>\n<p>Num\u0103r de telefon:&nbsp;<span style=\"font-weight: 700;\">+40 722 675 524<\/span><\/p>\n<p>Email: <b>office@munifica.ro<\/b><\/p>\n<p><\/p>\t\t\t\t\t\t\t\t<\/div>\n\t\t\t\t<\/div>\n\t\t\t\t\t<\/div>\n\t\t<\/div>\n\t\t\t\t\t<\/div>\n\t\t<\/section>\n\t\t\t\t<section class=\"elementor-section elementor-top-section elementor-element elementor-element-22f3584 elementor-section-boxed elementor-section-height-default elementor-section-height-default\" data-id=\"22f3584\" data-element_type=\"section\" data-e-type=\"section\">\n\t\t\t\t\t\t<div class=\"elementor-container elementor-column-gap-default\">\n\t\t\t\t\t<div class=\"elementor-column elementor-col-100 elementor-top-column elementor-element elementor-element-2fc9fac\" data-id=\"2fc9fac\" data-element_type=\"column\" data-e-type=\"column\">\n\t\t\t<div class=\"elementor-widget-wrap elementor-element-populated\">\n\t\t\t\t\t\t<div class=\"elementor-element elementor-element-3291fe7 elementor-widget elementor-widget-spacer\" data-id=\"3291fe7\" data-element_type=\"widget\" data-e-type=\"widget\" data-widget_type=\"spacer.default\">\n\t\t\t\t<div class=\"elementor-widget-container\">\n\t\t\t\t\t\t\t<div class=\"elementor-spacer\">\n\t\t\t<div class=\"elementor-spacer-inner\"><\/div>\n\t\t<\/div>\n\t\t\t\t\t\t<\/div>\n\t\t\t\t<\/div>\n\t\t\t\t\t<\/div>\n\t\t<\/div>\n\t\t\t\t\t<\/div>\n\t\t<\/section>\n\t\t\t\t<section class=\"elementor-section elementor-top-section elementor-element elementor-element-880b2b4 elementor-section-boxed elementor-section-height-default elementor-section-height-default\" data-id=\"880b2b4\" data-element_type=\"section\" data-e-type=\"section\">\n\t\t\t\t\t\t<div class=\"elementor-container elementor-column-gap-default\">\n\t\t\t\t\t<div class=\"elementor-column elementor-col-100 elementor-top-column elementor-element elementor-element-35d8606\" data-id=\"35d8606\" data-element_type=\"column\" data-e-type=\"column\">\n\t\t\t<div class=\"elementor-widget-wrap elementor-element-populated\">\n\t\t\t\t\t\t<div class=\"elementor-element elementor-element-d7cba15 elementor-widget elementor-widget-text-editor\" data-id=\"d7cba15\" data-element_type=\"widget\" data-e-type=\"widget\" data-widget_type=\"text-editor.default\">\n\t\t\t\t<div class=\"elementor-widget-container\">\n\t\t\t\t\t\t\t\t\t<p>Con\u0163inutul acestui material nu reprezint\u0103 \u00een mod obligatoriu pozi\u0163ia oficial\u0103 a Uniunii Europene sau a Guvernului Rom\u00e2niei. Pentru informa\u021bii detaliate despre celelate programe cofinan\u021bate de Uniunea European\u0103, v\u0103 invit\u0103m s\u0103 vizita\u021bi <a href=\"https:\/\/www.fonduri-ue.ro\/\">www.fonduri-ue.ro<\/a><\/p>\t\t\t\t\t\t\t\t<\/div>\n\t\t\t\t<\/div>\n\t\t\t\t\t<\/div>\n\t\t<\/div>\n\t\t\t\t\t<\/div>\n\t\t<\/section>\n\t\t\t\t<\/div>","protected":false},"excerpt":{"rendered":"<p>SmartBUSINESS &#8211; INNOVATIVE PLATFORM for automating business processes based on behavioral information\u00a0(project code 129017)Project co-financed by the European Regional Development Fund through the Operational Program Competitiveness 2014-2020. PROCESSING OF PERSONAL DATA IDENTIFICATION DATA S.C. WEBMAGNAT S.R.L &nbsp; Registered office: Splaiul Bahlui Mal Stang 37, Iasi County Vat number: RO22991354 ONRC.J22\/3595\/2007 Phone number: +40 332 440 [&hellip;]<\/p>\n","protected":false},"author":1,"featured_media":0,"parent":0,"menu_order":0,"comment_status":"closed","ping_status":"closed","template":"elementor_header_footer","meta":{"content-type":"","footnotes":""},"class_list":["post-3","page","type-page","status-publish","hentry"],"aioseo_notices":[],"_links":{"self":[{"href":"https:\/\/smartbusiness.digital\/ro\/wp-json\/wp\/v2\/pages\/3","targetHints":{"allow":["GET"]}}],"collection":[{"href":"https:\/\/smartbusiness.digital\/ro\/wp-json\/wp\/v2\/pages"}],"about":[{"href":"https:\/\/smartbusiness.digital\/ro\/wp-json\/wp\/v2\/types\/page"}],"author":[{"embeddable":true,"href":"https:\/\/smartbusiness.digital\/ro\/wp-json\/wp\/v2\/users\/1"}],"replies":[{"embeddable":true,"href":"https:\/\/smartbusiness.digital\/ro\/wp-json\/wp\/v2\/comments?post=3"}],"version-history":[{"count":71,"href":"https:\/\/smartbusiness.digital\/ro\/wp-json\/wp\/v2\/pages\/3\/revisions"}],"predecessor-version":[{"id":6284,"href":"https:\/\/smartbusiness.digital\/ro\/wp-json\/wp\/v2\/pages\/3\/revisions\/6284"}],"wp:attachment":[{"href":"https:\/\/smartbusiness.digital\/ro\/wp-json\/wp\/v2\/media?parent=3"}],"curies":[{"name":"wp","href":"https:\/\/api.w.org\/{rel}","templated":true}]}}