{"id":4721,"date":"2022-02-15T20:12:21","date_gmt":"2022-02-15T20:12:21","guid":{"rendered":"https:\/\/smartbusiness.digital\/?page_id=4721"},"modified":"2023-02-16T14:10:11","modified_gmt":"2023-02-16T14:10:11","slug":"your-advantages","status":"publish","type":"page","link":"https:\/\/smartbusiness.digital\/ro\/your-advantages\/","title":{"rendered":"Solu\u021bii"},"content":{"rendered":"<div data-elementor-type=\"wp-page\" data-elementor-id=\"4721\" class=\"elementor elementor-4721\">\n\t\t\t\t\t\t<section class=\"elementor-section elementor-top-section elementor-element elementor-element-367c36e elementor-section-boxed elementor-section-height-default elementor-section-height-default\" data-id=\"367c36e\" data-element_type=\"section\" data-e-type=\"section\">\n\t\t\t\t\t\t<div class=\"elementor-container elementor-column-gap-default\">\n\t\t\t\t\t<div class=\"elementor-column elementor-col-100 elementor-top-column elementor-element elementor-element-4b2dd94\" data-id=\"4b2dd94\" data-element_type=\"column\" data-e-type=\"column\">\n\t\t\t<div class=\"elementor-widget-wrap elementor-element-populated\">\n\t\t\t\t\t\t<div class=\"elementor-element elementor-element-6defa2c elementor-widget elementor-widget-image\" data-id=\"6defa2c\" data-element_type=\"widget\" data-e-type=\"widget\" id=\"logo-ue\" data-widget_type=\"image.default\">\n\t\t\t\t<div class=\"elementor-widget-container\">\n\t\t\t\t\t\t\t\t\t\t\t\t\t\t\t<img fetchpriority=\"high\" decoding=\"async\" width=\"768\" height=\"95\" src=\"https:\/\/smartbusiness.digital\/wp-content\/uploads\/2022\/08\/Banner-www.smartbusiness.digital.svg\" class=\"attachment-medium_large size-medium_large wp-image-6257\" alt=\"\" \/>\t\t\t\t\t\t\t\t\t\t\t\t\t\t\t<\/div>\n\t\t\t\t<\/div>\n\t\t\t\t<div class=\"elementor-element elementor-element-a4b4a05 tt-view-stacked tt-shape-rounded tt-heading-fill-color elementor-widget elementor-widget-tt-heading\" data-id=\"a4b4a05\" data-element_type=\"widget\" data-e-type=\"widget\" id=\"logo-ue\" data-widget_type=\"tt-heading.default\">\n\t\t\t\t<div class=\"elementor-widget-container\">\n\t\t\t\t\t\r\n\t\t<div class=\"section-heading style-one\">\r\n\r\n\t\t\t\t\t\t<!-- \/.icon-container -->\r\n\r\n\t\t\t\r\n\t\t\t\r\n\t\t\t\t\t\t\t<div class=\"description\"><p><strong>SmartBUSINESS - PLATFORM\u0102 INOVATIV\u0102 pentru automatizarea proceselor de business bazate pe informa\u021bii comportamentale<\/strong><strong>\u00a0(cod proiect 129017)<\/strong><br \/>Proiect cofinan\u021bat din Fondul European de Dezvoltare Regional\u0103 prin Programul Opera\u021bional Competitivitate 2014-2020.<\/p><\/div>\r\n\t\t\t\t\t<\/div>\r\n\r\n\t\t\t\t\t\t<\/div>\n\t\t\t\t<\/div>\n\t\t\t\t\t<\/div>\n\t\t<\/div>\n\t\t\t\t\t<\/div>\n\t\t<\/section>\n\t\t\t\t<section class=\"elementor-section elementor-top-section elementor-element elementor-element-e1ddf7f elementor-section-boxed elementor-section-height-default elementor-section-height-default\" data-id=\"e1ddf7f\" data-element_type=\"section\" data-e-type=\"section\">\n\t\t\t\t\t\t<div class=\"elementor-container elementor-column-gap-default\">\n\t\t\t\t\t<div class=\"elementor-column elementor-col-50 elementor-top-column elementor-element elementor-element-24f4857\" data-id=\"24f4857\" data-element_type=\"column\" data-e-type=\"column\">\n\t\t\t<div class=\"elementor-widget-wrap elementor-element-populated\">\n\t\t\t\t\t\t<div class=\"elementor-element elementor-element-4f70b5d tt-view-stacked tt-shape-rounded tt-heading-fill-color elementor-widget elementor-widget-tt-heading\" data-id=\"4f70b5d\" data-element_type=\"widget\" data-e-type=\"widget\" data-widget_type=\"tt-heading.default\">\n\t\t\t\t<div class=\"elementor-widget-container\">\n\t\t\t\t\t\r\n\t\t<div class=\"section-heading style-one\">\r\n\r\n\t\t\t\t\t\t<!-- \/.icon-container -->\r\n\r\n\t\t\t\r\n\t\t\t\r\n\t\t\t\t\t\t\t<div class=\"description\"><span><p dir=\"ltr\" style=\"line-height:1.38;text-align: justify;margin-top:0pt;margin-bottom:0pt;\"><span style=\"font-size: 14pt; font-family: Arial; color: rgb(0, 0, 0); font-weight: 700; font-variant-numeric: normal; font-variant-east-asian: normal; vertical-align: baseline;\">\u00cen\u021belege\u021bi \u00een mod unic fiecare utilizator <\/span><span style=\"font-size: 14pt; font-family: Arial; color: rgb(0, 0, 0); background-color: transparent; font-variant-numeric: normal; font-variant-east-asian: normal; vertical-align: baseline;\">- V\u0103 ajut\u0103m s\u0103 crea\u021bi sugestii de produse personalizate pentru fiecare client, pe baza inventarului dvs. de produse \u0219i a analizei online a comportamentului utilizatorilor.<\/span><\/p><p dir=\"ltr\" style=\"line-height:1.38;text-align: justify;margin-top:0pt;margin-bottom:0pt;\"><span style=\"font-size: 14pt; font-family: Arial; color: rgb(0, 0, 0); background-color: transparent; font-variant-numeric: normal; font-variant-east-asian: normal; vertical-align: baseline;\"><br><\/span><span style=\"font-size: 14pt; font-family: Arial; color: rgb(0, 0, 0); font-weight: 700; font-variant-numeric: normal; font-variant-east-asian: normal; vertical-align: baseline;\">Oferi\u021bi fiec\u0103rui client o experien\u021b\u0103 unic\u0103, personalizat\u0103 <\/span><span style=\"font-size: 14pt; font-family: Arial; color: rgb(0, 0, 0); font-variant-numeric: normal; font-variant-east-asian: normal; vertical-align: baseline;\">- Pute\u021bi oferi consumatorilor exact ceea ce \u00ee\u0219i doresc - o experien\u021b\u0103 unic\u0103 de fiecare dat\u0103 datorita motorului de personalizare bazat pe inteligen\u021ba artificial\u0103 al SmartBusiness<\/span><span style=\"font-size: 14pt; font-family: Arial; color: rgb(0, 0, 0); background-color: transparent; font-variant-numeric: normal; font-variant-east-asian: normal; vertical-align: baseline;\"><br><br><\/span><\/p><p dir=\"ltr\" style=\"line-height:1.38;text-align: justify;margin-top:0pt;margin-bottom:0pt;\"><span style=\"font-size: 14pt; font-family: Arial; color: rgb(0, 0, 0); background-color: transparent; font-weight: 700; font-variant-numeric: normal; font-variant-east-asian: normal; vertical-align: baseline;\">Cre\u0219te\u021bi rata de conversie<\/span><span style=\"font-size: 14pt; font-family: Arial; color: rgb(0, 0, 0); background-color: transparent; font-variant-numeric: normal; font-variant-east-asian: normal; vertical-align: baseline;\"> <\/span><span style=\"font-size: 14pt; font-family: Arial; color: rgb(0, 0, 0); font-variant-numeric: normal; font-variant-east-asian: normal; vertical-align: baseline;\">V\u0103 \u00eembun\u0103t\u0103\u021bim conversiile prin \u00eencorporarea unui script \u00een platforma dvs. web care \u00eenva\u021b\u0103 \u0219i \u00een\u021belege modelele comportamentale ale utilizatorilor, astfel \u00eenc\u00e2t, de la prima vizit\u0103, s\u0103 ofere con\u021binut individualizat 1 la 1 pentru fiecare utilizator unic.<\/span><\/p><p dir=\"ltr\" style=\"line-height:1.38;text-align: justify;margin-top:0pt;margin-bottom:0pt;\"><span style=\"font-size: 14pt; font-family: Arial; color: rgb(30, 41, 59); background-color: transparent; font-variant-numeric: normal; font-variant-east-asian: normal; vertical-align: baseline;\"><br><\/span><span style=\"font-size: 14pt; font-family: Arial; color: rgb(0, 0, 0); background-color: transparent; font-weight: 700; font-variant-numeric: normal; font-variant-east-asian: normal; vertical-align: baseline;\">\u00cembun\u0103t\u0103\u021bim loialitatea consumatorilor<\/span><span style=\"font-size: 14pt; font-family: Arial; color: rgb(0, 0, 0); background-color: transparent; font-variant-numeric: normal; font-variant-east-asian: normal; vertical-align: baseline;\"> - Cre\u0219tem valoarea de via\u021b\u0103 a clien\u021bilor t\u0103i \u0219i construim loialitatea fa\u021b\u0103 de brand, \u00een\u021beleg\u00e2ndu-i \u0219i nevoile lor de fiecare dat\u0103 c\u00e2nd viziteaz\u0103 site-ul t\u0103u. Comunic\u0103 cu ei la nivel individual, ca \u0219i cum ai fi cel mai apropiat prieten al lor.<\/span><span style=\"font-size: 14pt; font-family: Arial; color: rgb(0, 0, 0); background-color: transparent; font-variant-numeric: normal; font-variant-east-asian: normal; vertical-align: baseline;\"><br><\/span><span style=\"font-size: 14pt; font-family: Arial; color: rgb(30, 41, 59); background-color: transparent; font-variant-numeric: normal; font-variant-east-asian: normal; vertical-align: baseline;\"><br><\/span><span style=\"font-size: 14pt; font-family: Arial; color: rgb(0, 0, 0); background-color: transparent; font-weight: 700; font-variant-numeric: normal; font-variant-east-asian: normal; vertical-align: baseline;\">Automatiza\u021bi procesele de afaceri cu RPA<\/span><span style=\"font-size: 14pt; font-family: Arial; color: rgb(0, 0, 0); background-color: transparent; font-variant-numeric: normal; font-variant-east-asian: normal; vertical-align: baseline;\"> - \u00cencepe\u021bi sa automatiza\u021bi sarcinile consumatoare de timp, cum ar fi segmentarea clien\u021bilor, analiza comportamental\u0103, testarea A\/B \u0219i comunicarea comercial\u0103.<\/span><\/p><br><p dir=\"ltr\" style=\"line-height:1.38;text-align: justify;margin-top:0pt;margin-bottom:0pt;\"><span style=\"font-size: 14pt; font-family: Arial; color: rgb(0, 0, 0); background-color: transparent; font-weight: 700; font-variant-numeric: normal; font-variant-east-asian: normal; vertical-align: baseline;\">\u00cenc\u00e2nta\u021bi-va clien\u021bii  folosind gamification <\/span><span style=\"font-size: 14pt; font-family: Arial; color: rgb(0, 0, 0); background-color: transparent; font-variant-numeric: normal; font-variant-east-asian: normal; vertical-align: baseline;\">- \u00cenv\u0103\u021ba\u021bi de la vizitatori \u0219i clien\u021bi \u00een timp ce se distreaz\u0103 descoperind produsul care li se potrive\u0219te nevoilor lor prin joc.<\/span><\/p><p dir=\"ltr\" style=\"line-height:1.38;text-align: justify;margin-top:0pt;margin-bottom:0pt;\"><span style=\"font-size: 14pt; font-family: Arial; color: rgb(0, 0, 0); background-color: transparent; font-variant-numeric: normal; font-variant-east-asian: normal; vertical-align: baseline;\">\u00cembun\u0103t\u0103\u021bim experien\u021ba utilizatorilor dvs. folosind cele mai recente metodologii de gamification \u0219i design comportamental, sporind angajamentul, loialitatea \u0219i v\u00e2nz\u0103rile, permanentizand rela\u021bia cu clien\u021bii.<\/span><\/p><br><p dir=\"ltr\" style=\"line-height:1.38;text-align: justify;margin-top:0pt;margin-bottom:0pt;\"><span style=\"font-size: 14pt; font-family: Arial; color: rgb(0, 0, 0); font-weight: 700; font-variant-numeric: normal; font-variant-east-asian: normal; vertical-align: baseline;\">Securitate web crescut\u0103, deoarece nu folosim niciodat\u0103 cookie-uri<\/span><span style=\"font-size: 14pt; font-family: Arial; color: rgb(0, 0, 0); font-variant-numeric: normal; font-variant-east-asian: normal; vertical-align: baseline;\"> <\/span><span style=\"font-size: 14pt; font-family: Arial; color: rgb(0, 0, 0); background-color: transparent; font-variant-numeric: normal; font-variant-east-asian: normal; vertical-align: baseline;\">- Cre\u0219te\u021bi \u00eencrederea utilizatorilor \u00een platforma dvs. de comer\u021b electronic, deoarece nu li se va cere niciodat\u0103 s\u0103 accepte politica privind cookie-urile.<\/span><\/p><br><p dir=\"ltr\" style=\"line-height:1.38;text-align: justify;margin-top:0pt;margin-bottom:0pt;\"><span style=\"font-size: 14pt; font-family: Arial; color: rgb(0, 0, 0); background-color: transparent; font-weight: 700; font-variant-numeric: normal; font-variant-east-asian: normal; vertical-align: baseline;\">Aduna\u021bi informa\u021bii valoroase despre experien\u021ba clien\u021bilor<\/span><span style=\"font-size: 14pt; font-family: Arial; color: rgb(0, 0, 0); background-color: transparent; font-variant-numeric: normal; font-variant-east-asian: normal; vertical-align: baseline;\"> -  analiza sentimentelor v\u0103 ofer\u0103 o privire asupra percep\u021biei ascunse a pie\u021bei asupra m\u0103rcii dvs. \u0219i a ceea ce a\u0219teapt\u0103 clien\u021bii de la dvs.<\/span><\/p><br><span style=\"font-size: 14pt; font-family: Arial; color: rgb(0, 0, 0); background-color: transparent; font-weight: 700; font-variant-numeric: normal; font-variant-east-asian: normal; vertical-align: baseline;\">Afacerea dvs. devine mai sustenabil\u0103<\/span><span style=\"font-size: 14pt; font-family: Arial; color: rgb(0, 0, 0); font-variant-numeric: normal; font-variant-east-asian: normal; vertical-align: baseline;\"> - consum\u0103m de 10 ori mai pu\u021bine resurse dec\u00e2t alte motoare de recomandare. Folosim doar utiliz\u0103ri precise \u0219i restr\u00e2nse ale modelelor de antrenament AI.<\/span><\/span><p style=\"margin-right: 0px; margin-bottom: 0px; margin-left: 0px; text-align: justify; font-variant-numeric: normal; font-variant-east-asian: normal; font-stretch: normal; font-size: 13px; line-height: normal; font-family: &quot;Helvetica Neue&quot;; color: rgb(0, 0, 0); white-space: normal;\"><\/p><\/div>\r\n\t\t\t\t\t<\/div>\r\n\r\n\t\t\t\t\t\t<\/div>\n\t\t\t\t<\/div>\n\t\t\t\t\t<\/div>\n\t\t<\/div>\n\t\t\t\t<div class=\"elementor-column elementor-col-50 elementor-top-column elementor-element elementor-element-1ec7631\" data-id=\"1ec7631\" data-element_type=\"column\" data-e-type=\"column\">\n\t\t\t<div class=\"elementor-widget-wrap elementor-element-populated\">\n\t\t\t\t\t\t<div class=\"elementor-element elementor-element-4a826cc elementor-widget elementor-widget-tt-image\" data-id=\"4a826cc\" data-element_type=\"widget\" data-e-type=\"widget\" data-widget_type=\"tt-image.default\">\n\t\t\t\t<div class=\"elementor-widget-container\">\n\t\t\t\t\t\t\t<div class=\"image-wrapper\">\r\n\t\t\t<div class=\"overlay-bg\"><\/div>\r\n\t\t\t\t\t\t\t<a href=\"#\"  target=\"_blank\">\r\n\t\t\t\t\t<img decoding=\"async\" class=\"\" src=\"https:\/\/smartbusiness.digital\/wp-content\/uploads\/2022\/02\/Asset-18600.png\" alt=\"image\">\r\n\t\t\t\t<\/a>\r\n\t\t\t\r\n\t\t\t\t\t<\/div>\r\n\t\t\t\t\t\t<\/div>\n\t\t\t\t<\/div>\n\t\t\t\t\t<\/div>\n\t\t<\/div>\n\t\t\t\t\t<\/div>\n\t\t<\/section>\n\t\t\t\t<section class=\"elementor-section elementor-top-section elementor-element elementor-element-aa6ac70 elementor-section-boxed elementor-section-height-default elementor-section-height-default\" data-id=\"aa6ac70\" data-element_type=\"section\" data-e-type=\"section\">\n\t\t\t\t\t\t<div class=\"elementor-container elementor-column-gap-default\">\n\t\t\t\t\t<div class=\"elementor-column elementor-col-100 elementor-top-column elementor-element elementor-element-63dad94\" data-id=\"63dad94\" data-element_type=\"column\" data-e-type=\"column\">\n\t\t\t<div class=\"elementor-widget-wrap elementor-element-populated\">\n\t\t\t\t\t\t<div class=\"elementor-element elementor-element-207968e elementor-widget elementor-widget-text-editor\" data-id=\"207968e\" data-element_type=\"widget\" data-e-type=\"widget\" data-widget_type=\"text-editor.default\">\n\t\t\t\t<div class=\"elementor-widget-container\">\n\t\t\t\t\t\t\t\t\t<p>Con\u0163inutul acestui material nu reprezint\u0103 \u00een mod obligatoriu pozi\u0163ia oficial\u0103 a Uniunii Europene sau a Guvernului Rom\u00e2niei. Pentru informa\u021bii detaliate despre celelate programe cofinan\u021bate de Uniunea European\u0103, v\u0103 invit\u0103m s\u0103 vizita\u021bi <a href=\"https:\/\/www.fonduri-ue.ro\/\">www.fonduri-ue.ro<\/a><\/p>\t\t\t\t\t\t\t\t<\/div>\n\t\t\t\t<\/div>\n\t\t\t\t\t<\/div>\n\t\t<\/div>\n\t\t\t\t\t<\/div>\n\t\t<\/section>\n\t\t\t\t<section class=\"elementor-section elementor-top-section elementor-element elementor-element-ca1e216 elementor-section-boxed elementor-section-height-default elementor-section-height-default\" data-id=\"ca1e216\" data-element_type=\"section\" data-e-type=\"section\">\n\t\t\t\t\t\t<div class=\"elementor-container elementor-column-gap-default\">\n\t\t\t\t\t<div class=\"elementor-column elementor-col-100 elementor-top-column elementor-element elementor-element-b1965f7\" data-id=\"b1965f7\" data-element_type=\"column\" data-e-type=\"column\">\n\t\t\t<div class=\"elementor-widget-wrap elementor-element-populated\">\n\t\t\t\t\t\t<div class=\"elementor-element elementor-element-915c02a elementor-widget elementor-widget-spacer\" data-id=\"915c02a\" data-element_type=\"widget\" data-e-type=\"widget\" data-widget_type=\"spacer.default\">\n\t\t\t\t<div class=\"elementor-widget-container\">\n\t\t\t\t\t\t\t<div class=\"elementor-spacer\">\n\t\t\t<div class=\"elementor-spacer-inner\"><\/div>\n\t\t<\/div>\n\t\t\t\t\t\t<\/div>\n\t\t\t\t<\/div>\n\t\t\t\t\t<\/div>\n\t\t<\/div>\n\t\t\t\t\t<\/div>\n\t\t<\/section>\n\t\t\t\t<\/div>","protected":false},"excerpt":{"rendered":"<p>SmartBUSINESS &#8211; INNOVATIVE PLATFORM for automating business processes based on behavioral information\u00a0(project code 129017)Project co-financed by the European Regional Development Fund through the Operational Program Competitiveness 2014-2020. Understand each user uniquely &#8211; We help you create personalized product suggestions for each customer based on your product inventory and online user behavior analysis. Give every customer [&hellip;]<\/p>\n","protected":false},"author":1,"featured_media":0,"parent":0,"menu_order":0,"comment_status":"closed","ping_status":"closed","template":"elementor_header_footer","meta":{"content-type":"","footnotes":""},"class_list":["post-4721","page","type-page","status-publish","hentry"],"aioseo_notices":[],"_links":{"self":[{"href":"https:\/\/smartbusiness.digital\/ro\/wp-json\/wp\/v2\/pages\/4721","targetHints":{"allow":["GET"]}}],"collection":[{"href":"https:\/\/smartbusiness.digital\/ro\/wp-json\/wp\/v2\/pages"}],"about":[{"href":"https:\/\/smartbusiness.digital\/ro\/wp-json\/wp\/v2\/types\/page"}],"author":[{"embeddable":true,"href":"https:\/\/smartbusiness.digital\/ro\/wp-json\/wp\/v2\/users\/1"}],"replies":[{"embeddable":true,"href":"https:\/\/smartbusiness.digital\/ro\/wp-json\/wp\/v2\/comments?post=4721"}],"version-history":[{"count":104,"href":"https:\/\/smartbusiness.digital\/ro\/wp-json\/wp\/v2\/pages\/4721\/revisions"}],"predecessor-version":[{"id":7003,"href":"https:\/\/smartbusiness.digital\/ro\/wp-json\/wp\/v2\/pages\/4721\/revisions\/7003"}],"wp:attachment":[{"href":"https:\/\/smartbusiness.digital\/ro\/wp-json\/wp\/v2\/media?parent=4721"}],"curies":[{"name":"wp","href":"https:\/\/api.w.org\/{rel}","templated":true}]}}