{"id":6119,"date":"2022-06-28T07:39:30","date_gmt":"2022-06-28T07:39:30","guid":{"rendered":"https:\/\/smartbusiness.digital\/?page_id=6119"},"modified":"2022-06-29T10:24:38","modified_gmt":"2022-06-29T10:24:38","slug":"cookies-policy","status":"publish","type":"page","link":"https:\/\/smartbusiness.digital\/ro\/cookies-policy\/","title":{"rendered":"Cookies Policy"},"content":{"rendered":"<div data-elementor-type=\"wp-page\" data-elementor-id=\"6119\" class=\"elementor elementor-6119\">\n\t\t\t\t\t\t<section class=\"elementor-section elementor-top-section elementor-element elementor-element-e0f7826 elementor-section-boxed elementor-section-height-default elementor-section-height-default\" data-id=\"e0f7826\" data-element_type=\"section\" data-e-type=\"section\">\n\t\t\t\t\t\t<div class=\"elementor-container elementor-column-gap-default\">\n\t\t\t\t\t<div class=\"elementor-column elementor-col-100 elementor-top-column elementor-element elementor-element-eb2029d\" data-id=\"eb2029d\" data-element_type=\"column\" data-e-type=\"column\">\n\t\t\t<div class=\"elementor-widget-wrap elementor-element-populated\">\n\t\t\t\t\t\t<div class=\"elementor-element elementor-element-87096aa elementor-widget elementor-widget-text-editor\" data-id=\"87096aa\" data-element_type=\"widget\" data-e-type=\"widget\" data-widget_type=\"text-editor.default\">\n\t\t\t\t<div class=\"elementor-widget-container\">\n\t\t\t\t\t\t\t\t\t<h1>POLITICA DE UTILIZARE A FISIERELOR DE TIP COOKIE<\/h1><p><em><strong>S.C. WEBMAGNAT S.R.L<\/strong><\/em><\/p><p>\u00a0<\/p><p><em><strong>Adresa: Iasi, Splaiul Bahlui Mal Stang 37, 700031<\/strong><\/em><\/p><p><em><strong>CUI: ROONRC.J22\/3595\/2007<\/strong><\/em><\/p><p><em><strong>Telefon: (252) 362-309, +40 770 143 534<\/strong><\/em><\/p><p><em><strong>Email: contact@webmagnat.ro<\/strong><\/em><\/p><p>\u00a0<\/p><p class=\"translation-block\">Site-ul www.webmagnat.ro aflat in proprietatea S.C. WEBMAGNAT S.R.L., cu sediul in Iasi, Splaiul Bahlui Mal Stang 37, inregistrata la Registrul Comertului Iasi cu nr. J22\/3595\/2007 si identificata prin codul unic de inregistrare 22991354  isi rezerva dreptul de a utiliza identificatori de dispozitive sau module cookie atunci cand vizitati site-ul nostru web sau aplicatii care utilizeaza serviciile WebMagnat.<\/p><p>Acestea sunt folosite cu scopul de a identifica si diferentia utilizatorii care acceseaza pagina noastra web. Rolul acestora este cel de monitorizare a experientei de utilizare a site-ului in vederea imbunatatirii calitatii acesteia.<\/p><p>\u00a0<\/p><h5><strong>CE SUNT COOKIE-URILE?<\/strong><\/h5><p>Cookie-urile reprezinta fisiere de mici dimensiuni amplasate pe dispozitivele utilizate de dumneavoastra pentru accesarea paginilor web. Cookie-urile proprii provin din setarile domeniilor vizitate la momentul respectiv iar cele terte provin de la alte domenii care reprezinta serviciile utilizate de catre domeniul vizitat.<\/p><p>Cookie-urile sunt unice insa acest lucru nu presupune faptul ca statisticile stabilite cu privire la utilizarea site-ului sunt legate de persoane individuale. Cu toate acestea, desi nu retin date personale precum numele sau datele introduse in formulare de catre utilizatorii site-ului www.webmagnat.ro, diferentierea acestora se face totusi prin intermediul unui ID unic care devine astfel data cu caracter personal.\u00a0<a href=\"https:\/\/webmagnat.us\/\">webmagnat.us<\/a>\u00a0website, their distinction is still made employing a unique ID that becomes personal data.<\/p><p>\u00a0<\/p><h5><strong>DE CE SUNT FOLOSITE COOKIE-URILE?<\/strong><\/h5><p>Cookie-urile pot fi utilizate pentru diverse scopuri precum functionarea corecta a paginii web vizitate, colectarea unor informatii relevante referitoare la experienta utilizatorilor pe site sau pentru a oferi utilizatorilor posibilitatea de a folosi terte servicii precum retelele de socializare.<\/p><p>\u00a0<\/p><h5><strong>COOKIE-URI NECESARE<\/strong><\/h5><p><a href=\"https:\/\/webmagnat.us\/\">webmagnat.us<\/a>\u00a0poate utiliza cookie-uri necesare, active in mod automat si care nu sunt conditionate de acordul utilizatorilor sai. Din aceasta categorie fac parte modulele cookie care au capacitatea de a retine actiunea de conectare la site a utilizatorilor si cele care au rolul de a asigura functionarea corecta a paginii web.<\/p><p>\u00a0<\/p><h5><strong>COOKIE-URI DE ANALIZA<\/strong><\/h5><p><a href=\"https:\/\/webmagnat.us\/\">webmagnat.us<\/a>\u00a0poate utiliza cookie-uri de analiza cu scopul de a colecta informatii cu privire la maniera in care utilizatorii paginii noastre web interactioneaza cu aceasta. Aceste date colectate ne ajuta sa retinem, sa analizam si sa imbunatatim diversi factori importanti pentru experienta de navigare a utilizatorilor site-ului nostru.<\/p><p>Acestea ne permit sa monitorizam popularitatea paginilor din cadrul website-ului nostru, eficienta metodelor de conectare la acestea si eventualele mesaje de eroare care ar putea fi transmise utilizatorilor in momentul accesarii paginilor web. Cu ajutorul acestor cookie-uri, WebMagnat ofera vizitatorilor sai o experienta de utilizare de calitate a site-ului.<\/p><p>\u00a0<\/p><h5><strong>COOKIE-URI SOCIAL MEDIA<\/strong><\/h5><p><a href=\"https:\/\/webmagnat.us\/\">webmagnat.us<\/a>\u00a0poate utiliza si plugin-uri ale retelelor de socializare precum Facebook care plaseaza cookie-uri social media care permit redarea continutului si utilizarea unor terte servicii puse la dispozitie de acestea.<\/p><p>Acestea pot fi utilizate si cu scopul de a oferi utilizatorilor nostri posibilitatea de a aprecia sau distribui paginile, serviciile si produsele preferate prin intermediul serviciului de socializare favorit.<\/p><p>\u00a0<\/p><h5><strong>COOKIE-URI DE PROFILARE PUBLICITARA<\/strong><\/h5><p>Diverse cookie-uri pot fi utilizate de catre\u00a0<a href=\"https:\/\/webmagnat.us\/\">webmagnat.us<\/a>\u00a0si pentru realizarea scopurilor publicitare care se afla la baza industriei online in acest moment. Personalizarea publicitatii in mediul online reprezinta o forma de finantare proprie pentru orice companie care ofera servicii si produse intrucat acest proces ajuta la identificarea categoriilor de audienta relevante pentru gama de produse si servicii puse la dispozitia clientilor.<\/p><p>Acest proces poate fi realizat prin selectia unor categorii specifice de vizitatori catre care sa fie afisate diverse reclame sau prin alte modalitati in functie de scopul care se doreste a fi atins. Nu sunt prelucrate date personale in aceasta maniera insa profilul vizitatorilor astfel creat se bazeaza pe datele colectate cu ajutorul unor astfel de cookie-uri de profilare publicitara.<\/p><p>\u00a0<\/p><h5><strong>CE COOKIE-URI FOLOSIM?<\/strong><\/h5><p><a href=\"https:\/\/webmagnat.us\/\">webmagnat.us<\/a>\u00a0uses both its cookies and third-party cookies to provide you with the experience of navigating the quality site and to provide you with services tailored to your interests and needs as visitors to our website.<\/p><p>The cookies used by our site are intended to ensure its proper operation and to collect important statistical data on-site traffic.<\/p><p>Exemple de cookie-uri utilizate de\u00a0<a href=\"https:\/\/webmagnat.us\/\">webmagnat.us<\/a>:<\/p><table><tbody><tr><td><p><strong>COOKIE<\/strong><\/p><\/td><td><p><strong>FAMILIA<\/strong><\/p><\/td><td><p><strong>SCOPUL GENERAL<\/strong><\/p><\/td><td><p><strong>VALABILITATE COOKIE<\/strong><\/p><\/td><\/tr><tr><td><p><strong>_ utma<\/strong><\/p><\/td><td><p>Google Analytics<\/p><\/td><td><p>Acest cookie este utilizat pentru diferentierea utilizatorilor si a sesiunilor. Acesta se actualizeaza ori de cate ori datele sunt trimise prin Google Analytics.<\/p><\/td><td><p>2 ani<\/p><\/td><\/tr><tr><td><p><strong>_utmb<\/strong><\/p><\/td><td><p>Google Analytics<\/p><\/td><td><p>Acest cookie este utilizat pentru identificarea sensiunilor noi sau a vizitelor. Acesta se actualizeaza ori de cate ori datele sunt trimise prin Google Analytics.<\/p><\/td><td><p>30 min de la actualizare<\/p><\/td><\/tr><tr><td><p><strong>_utmc<\/strong><\/p><\/td><td><p>Google Analytics<\/p><\/td><td><p>Acest cookie actioneaza impreuna cu\u00a0<strong>_utmb<\/strong>\u00a0pentru identificarea sensiunilor noi sau a vizitelor.<\/p><\/td><td><p>pana la inchiderea browserului<\/p><\/td><\/tr><tr><td><p><strong>_utmt<\/strong><\/p><\/td><td><p>Google Analytics<\/p><\/td><td><p>Acest cookie este utilizat pentru a asigura controlul ratei de accesari.\u00a0<\/p><\/td><td><p>10 min<\/p><\/td><\/tr><tr><td><p><strong>_utmz<\/strong><\/p><\/td><td><p>Google Analytics<\/p><\/td><td><p>Acest cookie este utilizat pentru a stoca sursa de trafic care explica maniera in care utilizatorul a ajuns la pagina respectiva. Acesta se actualizeaza ori de cate ori datele sunt trimise prin Google Analytics.<\/p><\/td><td><p>6 luni de la actualizare<\/p><\/td><\/tr><tr><td><p><strong>_ga<\/strong><\/p><\/td><td><p>Google Analytics<\/p><\/td><td><p>Acest cookie este utilizat pentru diferentierea utilizatorilor. Acesta se actualizeaza ori de cate ori datele sunt trimise prin Google Analytics.<\/p><\/td><td><p>2 ani<\/p><\/td><\/tr><tr><td><p><strong>_<\/strong><strong>gat_gtag_UA_91078337_2<\/strong><\/p><\/td><td><p>Google Analytics<\/p><\/td><td><p>Acest cookie colecteaza informatii despre maniera in care utilizatorii utilizeaza pagina web.<\/p><\/td><td><p>1 min<\/p><\/td><\/tr><tr><td><p><strong>_gid<\/strong><\/p><\/td><td><p>Google Analytics<\/p><\/td><td><p>Acest cookie este utilizat pentru diferentierea utilizatorilor. Acesta se actualizeaza ori de cate ori datele sunt trimise prin Google Analytics.<\/p><\/td><td><p>24 ore<\/p><\/td><\/tr><tr><td><p><strong>_atuvc<\/strong><\/p><\/td><td><p>Analytics Provider<\/p><\/td><td><p>Acest cookie este creat de catre widgetul de partajare sociala AddThis care permite vizitatorilor sa partajeze continut cu o gama larga de platforme de retea si partajare. \u00a0<\/p><\/td><td><p>2 ani<\/p><\/td><\/tr><tr><td><p><strong>_<\/strong><strong>\u00a0atuvs<\/strong><\/p><\/td><td><p>Analytics Provider<\/p><\/td><td><p>Acest cookie este creat de catre widgetul de partajare sociala AddThis care permite vizitatorilor sa partajeze continut cu o gama larga de platforme de retea si partajare. \u00a0<\/p><\/td><td><p>2 ani<\/p><\/td><\/tr><tr><td><p><strong>PHPSESSID<\/strong><\/p><\/td><td><p>PHP applications<\/p><\/td><td><p>Acest cookie este utilizat pentru a stoca anumite informatii precum un mesaj trimis atunci cand un formular este completat pentru a fi afisate in cadrul unei alte pagini.<\/p><\/td><td><p>expira atunci cand se inchide browser-ul<\/p><\/td><\/tr><\/tbody><\/table><p>\u00a0<\/p><p>Pentru informatii complete referitoare la fisierele de tip cookie, puteti vizita\u00a0<a href=\"https:\/\/www.allaboutcookies.org\/\">www.allaboutcookies.org<\/a><\/p><p>\u00a0<\/p><h5><strong>GOOGLE ANALYTICS SI POLITICA DE PROTECTIE A DATELOR PERSONALE<\/strong><\/h5><p>Google Analytics reprezinta un serviciu pentru analiza web furnizat de Google. Fisiere de tip cookie precum cele utilizate de catre www.webmagnat.ro sunt folosite de acest serviciu pentru a analiza modul in care vizitatorii site-ului il utilizeaza. Informatiile colectate sunt utilizate de Google pentru elaborarea unor rapoarte referitoare la experienta utilizatorilor cu paginile web precum si pentru furnizarea altor servicii referitoare la activitatea website-ului.<\/p><p>Informatii detaliate cu privire la Google Analytics si politica de protectie a datelor cu caracter personal inclusiv maniera in care utilizatorii paginii noastre web pot controla informatiile trimise catre Google pot fi gasite prin accesarea urmatorului link:<\/p><p><a href=\"https:\/\/policies.google.com\/technologies\/partner-sites\">policies.google.com\/technologies\/partner-sites<\/a><\/p><p>\u00a0<\/p><h5><strong>CUM PUTETI CONTROLA ACESTE COOKIE-URI<\/strong><\/h5><p>In calitate de vizitatori ai site-ului\u00a0<a href=\"https:\/\/webmagnat.us\/\">webmagnat.us<\/a>, aveti posibilitatea de a va retrage consimtamantul privind fisierele de tip cookie utilizate de site-ul nostru in orice moment. Acest lucru poate fi efectuat atat prin intermediul setarilor browser-ului web utilizat cat si prin folosirea unor servicii software puse la dispozitie de catre terte parti.<\/p><p>Puteti elimina fisierele cookie stocate pe dispozitivele pe care le utilizati pentru accesarea paginii noastre web prin configurarea browser-ului dvs. astfel incat sa nu mai permita afisarea acestor fisiere. De asemenea, puteti utiliza setarile specifice fiecarui browser in parte pentru a defini preferintele voastre in legatura cu aceste fisiere de tip cookie.<\/p><p>Pentru mai multe informatii cu privire la maniera in care puteti utiliza aceste setari pentru fiecare browser in parte, puteti accesa urmatoarele linkuri utile:<\/p><p>&#8211; Firefox<br \/>&#8211; Chrome<br \/>&#8211; Safari<br \/>&#8211; Edge<br \/>&#8211; Opera<\/p><p>Daca doriti sa nu mai fiti luat in considerare ca si profil de vizitator de catre Google Analytics, va rugam sa accesati acest link de dezabonare:<\/p><p><a href=\"https:\/\/tools.google.com\/dlpage\/gaoptout\">tools.google.com\/dlpage\/gaoptout<\/a>.<\/p><p>\u00a0<\/p><p>Daca doriti sa nu mai fiti luat in considerare de catre Google cu scopul profilarii publicitare, va rugam sa accesati acest link de dezabonare:<\/p><p><a href=\"https:\/\/adssettings.google.com\/authenticated\">adssettings.google.com\/authenticated<\/a>.<\/p><p>\u00a0<\/p><p>Puteti renunta la aceste servicii fara a afecta modul in care puteti vizita website-ul nostru.<\/p><p>\u00a0<\/p><h5><strong>SECURITATE SI CONFIDENTIALITATE<\/strong><\/h5><p><a href=\"https:\/\/webmagnat.us\/\">webmagnat.us<\/a>\u00a0utilizeaza tehnologia cookie cu scopul de a va oferi servicii web mai bune si adaptate nevoilor voastre ca si utilizatori online. Datele stocate de catre fisierele cookie pe care le utilizam nu dezvaluie detalii personale in baza carora ar putea fi stabilita o identitate individuala. In schimb, aceste fisiere de mici dimensiuni au rolul de a face interactiunea voastra cu site-ul nostru mai rapida si mai sigura.<\/p><p>S.C. WEBMAGNAT S.R.L  isi rezerva dreptul de a actualiza aceasta politica de utilizare a cookie-urilor in cadrul site-ului\u00a0<a href=\"https:\/\/webmagnat.us\/\">webmagnat.us<\/a>\u00a0ori de cate ori este necesar. Vizitatorii site-ului nostru vor fi notificati de modificarile efectuate prin postarea ultimei versiuni a acestei politici in cadrul site-ului. Va recomandam sa consultati periodic aceasta politica de utilizare cookie-uri pentru a fi la curent cu toate modificarile efectuate.<\/p>\t\t\t\t\t\t\t\t<\/div>\n\t\t\t\t<\/div>\n\t\t\t\t\t<\/div>\n\t\t<\/div>\n\t\t\t\t\t<\/div>\n\t\t<\/section>\n\t\t\t\t<section class=\"elementor-section elementor-top-section elementor-element elementor-element-0d54a2e elementor-section-boxed elementor-section-height-default elementor-section-height-default\" data-id=\"0d54a2e\" data-element_type=\"section\" data-e-type=\"section\">\n\t\t\t\t\t\t<div class=\"elementor-container elementor-column-gap-default\">\n\t\t\t\t\t<div class=\"elementor-column elementor-col-100 elementor-top-column elementor-element elementor-element-713b669\" data-id=\"713b669\" data-element_type=\"column\" data-e-type=\"column\">\n\t\t\t<div class=\"elementor-widget-wrap elementor-element-populated\">\n\t\t\t\t\t\t<div class=\"elementor-element elementor-element-23d266b elementor-widget elementor-widget-text-editor\" data-id=\"23d266b\" data-element_type=\"widget\" data-e-type=\"widget\" data-widget_type=\"text-editor.default\">\n\t\t\t\t<div class=\"elementor-widget-container\">\n\t\t\t\t\t\t\t\t\t<p>Con\u0163inutul acestui material nu reprezint\u0103 \u00een mod obligatoriu pozi\u0163ia oficial\u0103 a Uniunii Europene sau a Guvernului Rom\u00e2niei. Pentru informa\u021bii detaliate despre celelate programe cofinan\u021bate de Uniunea European\u0103, v\u0103 invit\u0103m s\u0103 vizita\u021bi <a href=\"https:\/\/www.fonduri-ue.ro\/\">www.fonduri-ue.ro<\/a><\/p>\t\t\t\t\t\t\t\t<\/div>\n\t\t\t\t<\/div>\n\t\t\t\t\t<\/div>\n\t\t<\/div>\n\t\t\t\t\t<\/div>\n\t\t<\/section>\n\t\t\t\t<\/div>","protected":false},"excerpt":{"rendered":"<p>COOKIES POLICY S.C. WEBMAGNAT S.R.L \u00a0 Registered office: Splaiul Bahlui Mal Stang 37, Iasi County Vat number: ROONRC.J22\/3595\/2007 Phone number: (252) 362-309, +40 770 143 534 Email: contact@webmagnat.ro \u00a0 The\u00a0webmagnat.us\u00a0site owned by WEBMAGNAT S.R.L, based in Splaiul Bahlui Mal Stang 37, Iasi County, registered at Brasov Trade Register under no. ROONRC.J22\/3595\/2007 reserves the right to [&hellip;]<\/p>\n","protected":false},"author":1,"featured_media":0,"parent":0,"menu_order":0,"comment_status":"closed","ping_status":"closed","template":"elementor_header_footer","meta":{"content-type":"","footnotes":""},"class_list":["post-6119","page","type-page","status-publish","hentry"],"aioseo_notices":[],"_links":{"self":[{"href":"https:\/\/smartbusiness.digital\/ro\/wp-json\/wp\/v2\/pages\/6119","targetHints":{"allow":["GET"]}}],"collection":[{"href":"https:\/\/smartbusiness.digital\/ro\/wp-json\/wp\/v2\/pages"}],"about":[{"href":"https:\/\/smartbusiness.digital\/ro\/wp-json\/wp\/v2\/types\/page"}],"author":[{"embeddable":true,"href":"https:\/\/smartbusiness.digital\/ro\/wp-json\/wp\/v2\/users\/1"}],"replies":[{"embeddable":true,"href":"https:\/\/smartbusiness.digital\/ro\/wp-json\/wp\/v2\/comments?post=6119"}],"version-history":[{"count":37,"href":"https:\/\/smartbusiness.digital\/ro\/wp-json\/wp\/v2\/pages\/6119\/revisions"}],"predecessor-version":[{"id":6165,"href":"https:\/\/smartbusiness.digital\/ro\/wp-json\/wp\/v2\/pages\/6119\/revisions\/6165"}],"wp:attachment":[{"href":"https:\/\/smartbusiness.digital\/ro\/wp-json\/wp\/v2\/media?parent=6119"}],"curies":[{"name":"wp","href":"https:\/\/api.w.org\/{rel}","templated":true}]}}